{"id":10398,"date":"2021-01-21T23:17:52","date_gmt":"2021-01-21T22:17:52","guid":{"rendered":"http:\/\/vinylgrove.nl\/index.php\/product\/los-piranas\/"},"modified":"2023-12-23T13:28:08","modified_gmt":"2023-12-23T12:28:08","slug":"los-piranas","status":"publish","type":"product","link":"https:\/\/vinylgrove.nl\/index.php\/product\/los-piranas\/","title":{"rendered":"Los Pira\u00f1as"},"content":{"rendered":"","protected":false},"excerpt":{"rendered":"<p>La Diversi\u00f3n Que Hac\u00eda Falta En Mi Pa\u00eds<\/p>\n","protected":false},"featured_media":10853,"template":"","meta":[],"product_brand":[],"product_cat":[1284],"product_tag":[1209],"class_list":{"0":"post-10398","1":"product","2":"type-product","3":"status-publish","4":"has-post-thumbnail","6":"product_cat-psych-garage-sixties","7":"product_tag-staubgold","9":"first","10":"outofstock","11":"shipping-taxable","12":"purchasable","13":"product-type-simple"},"_links":{"self":[{"href":"https:\/\/vinylgrove.nl\/index.php\/wp-json\/wp\/v2\/product\/10398","targetHints":{"allow":["GET"]}}],"collection":[{"href":"https:\/\/vinylgrove.nl\/index.php\/wp-json\/wp\/v2\/product"}],"about":[{"href":"https:\/\/vinylgrove.nl\/index.php\/wp-json\/wp\/v2\/types\/product"}],"wp:featuredmedia":[{"embeddable":true,"href":"https:\/\/vinylgrove.nl\/index.php\/wp-json\/wp\/v2\/media\/10853"}],"wp:attachment":[{"href":"https:\/\/vinylgrove.nl\/index.php\/wp-json\/wp\/v2\/media?parent=10398"}],"wp:term":[{"taxonomy":"product_brand","embeddable":true,"href":"https:\/\/vinylgrove.nl\/index.php\/wp-json\/wp\/v2\/product_brand?post=10398"},{"taxonomy":"product_cat","embeddable":true,"href":"https:\/\/vinylgrove.nl\/index.php\/wp-json\/wp\/v2\/product_cat?post=10398"},{"taxonomy":"product_tag","embeddable":true,"href":"https:\/\/vinylgrove.nl\/index.php\/wp-json\/wp\/v2\/product_tag?post=10398"}],"curies":[{"name":"wp","href":"https:\/\/api.w.org\/{rel}","templated":true}]}}