{"id":13296,"date":"2021-01-24T17:47:42","date_gmt":"2021-01-24T16:47:42","guid":{"rendered":"http:\/\/vinylgrove.nl\/index.php\/product\/faithfull-marianne\/"},"modified":"2025-01-31T12:47:15","modified_gmt":"2025-01-31T11:47:15","slug":"faithfull-marianne","status":"publish","type":"product","link":"https:\/\/vinylgrove.nl\/index.php\/product\/faithfull-marianne\/","title":{"rendered":"Faithfull, Marianne"},"content":{"rendered":"","protected":false},"excerpt":{"rendered":"<p>\u00c0 La T\u00e9l\u00e9vision 1965-1967<\/p>\n","protected":false},"featured_media":13297,"template":"","meta":[],"product_brand":[],"product_cat":[713],"product_tag":[1158],"class_list":{"0":"post-13296","1":"product","2":"type-product","3":"status-publish","4":"has-post-thumbnail","6":"product_cat-pop","7":"product_tag-1960s-records","9":"first","10":"instock","11":"shipping-taxable","12":"purchasable","13":"product-type-simple"},"_links":{"self":[{"href":"https:\/\/vinylgrove.nl\/index.php\/wp-json\/wp\/v2\/product\/13296","targetHints":{"allow":["GET"]}}],"collection":[{"href":"https:\/\/vinylgrove.nl\/index.php\/wp-json\/wp\/v2\/product"}],"about":[{"href":"https:\/\/vinylgrove.nl\/index.php\/wp-json\/wp\/v2\/types\/product"}],"wp:featuredmedia":[{"embeddable":true,"href":"https:\/\/vinylgrove.nl\/index.php\/wp-json\/wp\/v2\/media\/13297"}],"wp:attachment":[{"href":"https:\/\/vinylgrove.nl\/index.php\/wp-json\/wp\/v2\/media?parent=13296"}],"wp:term":[{"taxonomy":"product_brand","embeddable":true,"href":"https:\/\/vinylgrove.nl\/index.php\/wp-json\/wp\/v2\/product_brand?post=13296"},{"taxonomy":"product_cat","embeddable":true,"href":"https:\/\/vinylgrove.nl\/index.php\/wp-json\/wp\/v2\/product_cat?post=13296"},{"taxonomy":"product_tag","embeddable":true,"href":"https:\/\/vinylgrove.nl\/index.php\/wp-json\/wp\/v2\/product_tag?post=13296"}],"curies":[{"name":"wp","href":"https:\/\/api.w.org\/{rel}","templated":true}]}}