{"id":19758,"date":"2021-02-11T21:16:33","date_gmt":"2021-02-11T20:16:33","guid":{"rendered":"http:\/\/vinylgrove.nl\/?post_type=product&#038;p=19758"},"modified":"2025-12-06T15:53:15","modified_gmt":"2025-12-06T14:53:15","slug":"orchestra-baobab-4","status":"publish","type":"product","link":"https:\/\/vinylgrove.nl\/index.php\/product\/orchestra-baobab-4\/","title":{"rendered":"Orchestra Baobab"},"content":{"rendered":"<p>1981 album.<br \/>\nAfter their masterpiece &#8220;Mouhamadou Bamba&#8221; recorded the same year, &#8220;Sibou Odja&#8221; would once again mark the history of Senegalese music by propelling the group&#8217;s success into a new musical decade. Under the direction of the hard-hitting saxophonist Issa Sissokho and the irremovable guitarist Barth\u00e9l\u00e9my Attiso, it is notably the young singer future icon of Senegalese salsa M\u00e9doune Diallo who will deliver one of his masterpieces with the irresistible &#8220;Autorail&#8221;, song locomotive which celebrates the opening of the railway line connecting Dakar to Niamey. <\/p>\n","protected":false},"excerpt":{"rendered":"<p>Si Bou Odja<\/p>\n","protected":false},"featured_media":19759,"template":"","meta":[],"product_brand":[],"product_cat":[717,726],"product_tag":[1981],"class_list":{"0":"post-19758","1":"product","2":"type-product","3":"status-publish","4":"has-post-thumbnail","6":"product_cat-funk-soul","7":"product_cat-world","8":"product_tag-syllart","10":"first","11":"onbackorder","12":"shipping-taxable","13":"purchasable","14":"product-type-simple"},"_links":{"self":[{"href":"https:\/\/vinylgrove.nl\/index.php\/wp-json\/wp\/v2\/product\/19758","targetHints":{"allow":["GET"]}}],"collection":[{"href":"https:\/\/vinylgrove.nl\/index.php\/wp-json\/wp\/v2\/product"}],"about":[{"href":"https:\/\/vinylgrove.nl\/index.php\/wp-json\/wp\/v2\/types\/product"}],"wp:featuredmedia":[{"embeddable":true,"href":"https:\/\/vinylgrove.nl\/index.php\/wp-json\/wp\/v2\/media\/19759"}],"wp:attachment":[{"href":"https:\/\/vinylgrove.nl\/index.php\/wp-json\/wp\/v2\/media?parent=19758"}],"wp:term":[{"taxonomy":"product_brand","embeddable":true,"href":"https:\/\/vinylgrove.nl\/index.php\/wp-json\/wp\/v2\/product_brand?post=19758"},{"taxonomy":"product_cat","embeddable":true,"href":"https:\/\/vinylgrove.nl\/index.php\/wp-json\/wp\/v2\/product_cat?post=19758"},{"taxonomy":"product_tag","embeddable":true,"href":"https:\/\/vinylgrove.nl\/index.php\/wp-json\/wp\/v2\/product_tag?post=19758"}],"curies":[{"name":"wp","href":"https:\/\/api.w.org\/{rel}","templated":true}]}}