{"id":23159,"date":"2021-05-31T20:11:08","date_gmt":"2021-05-31T18:11:08","guid":{"rendered":"https:\/\/vinylgrove.nl\/?post_type=product&#038;p=23159"},"modified":"2025-09-18T16:18:38","modified_gmt":"2025-09-18T14:18:38","slug":"karaca-cem-3","status":"publish","type":"product","link":"https:\/\/vinylgrove.nl\/index.php\/product\/karaca-cem-3\/","title":{"rendered":"Karaca, Cem"},"content":{"rendered":"<p>The Lost Album.<br \/>\nRemastered from cassette tape!<\/p>\n<p>Tracklist:<\/p>\n<p>A1\tKahya Yahya<br \/>\nA2\t68&#8217;lerin T\u00fcrk\u00fcs\u00fc<br \/>\nA3\tDemedim Mi<br \/>\nA4\tSen Seni Bil<br \/>\nA5\tSahibi Geldi<br \/>\nB1\tYiyin Efendiler<br \/>\nB2\tOh Be<br \/>\nB3\tKirlenmi\u015f \u00c7\u0131\u011fl\u0131k<br \/>\nB4\tBar\u0131\u015f Dikeni<br \/>\nB5\tBir A\u00e7\u0131k Oturum<\/p>\n","protected":false},"excerpt":{"rendered":"<p>Yiyin Efendiler<\/p>\n","protected":false},"featured_media":23160,"template":"","meta":[],"product_brand":[],"product_cat":[713,726],"product_tag":[2339],"class_list":{"0":"post-23159","1":"product","2":"type-product","3":"status-publish","4":"has-post-thumbnail","6":"product_cat-pop","7":"product_cat-world","8":"product_tag-anadolu","10":"first","11":"outofstock","12":"shipping-taxable","13":"purchasable","14":"product-type-simple"},"_links":{"self":[{"href":"https:\/\/vinylgrove.nl\/index.php\/wp-json\/wp\/v2\/product\/23159","targetHints":{"allow":["GET"]}}],"collection":[{"href":"https:\/\/vinylgrove.nl\/index.php\/wp-json\/wp\/v2\/product"}],"about":[{"href":"https:\/\/vinylgrove.nl\/index.php\/wp-json\/wp\/v2\/types\/product"}],"wp:featuredmedia":[{"embeddable":true,"href":"https:\/\/vinylgrove.nl\/index.php\/wp-json\/wp\/v2\/media\/23160"}],"wp:attachment":[{"href":"https:\/\/vinylgrove.nl\/index.php\/wp-json\/wp\/v2\/media?parent=23159"}],"wp:term":[{"taxonomy":"product_brand","embeddable":true,"href":"https:\/\/vinylgrove.nl\/index.php\/wp-json\/wp\/v2\/product_brand?post=23159"},{"taxonomy":"product_cat","embeddable":true,"href":"https:\/\/vinylgrove.nl\/index.php\/wp-json\/wp\/v2\/product_cat?post=23159"},{"taxonomy":"product_tag","embeddable":true,"href":"https:\/\/vinylgrove.nl\/index.php\/wp-json\/wp\/v2\/product_tag?post=23159"}],"curies":[{"name":"wp","href":"https:\/\/api.w.org\/{rel}","templated":true}]}}