{"id":23163,"date":"2021-05-31T21:04:20","date_gmt":"2021-05-31T19:04:20","guid":{"rendered":"https:\/\/vinylgrove.nl\/?post_type=product&#038;p=23163"},"modified":"2025-11-02T15:47:11","modified_gmt":"2025-11-02T14:47:11","slug":"koray-erkin-3","status":"publish","type":"product","link":"https:\/\/vinylgrove.nl\/index.php\/product\/koray-erkin-3\/","title":{"rendered":"Koray, Erkin"},"content":{"rendered":"<p>2020 re-issue of rare album from Turkish Psychedelic riffslinger.<\/p>\n<p>A1\t\u015ea\u015fk\u0131n 4:29<br \/>\nA2\tEyvah 3:03<br \/>\nA3\tFesuphanallah 3:37<br \/>\nA4\tSevince\t5:18<br \/>\nA5\tEstarabim 5:19<br \/>\nB1\tArap Sa\u00e7\u0131 3:47<br \/>\nB2\tHayat Bir Teselli 5:21<br \/>\nB3\tKom\u015fu K\u0131z\u0131 4:04<br \/>\nB4\tG\u00f6n\u00fcl Sal\u0131nca\u011f\u0131 4:08<br \/>\nB5\tT\u0131mb\u0131ll\u0131<\/p>\n","protected":false},"excerpt":{"rendered":"<p>2<\/p>\n","protected":false},"featured_media":23164,"template":"","meta":[],"product_brand":[],"product_cat":[1284,726],"product_tag":[2340],"class_list":{"0":"post-23163","1":"product","2":"type-product","3":"status-publish","4":"has-post-thumbnail","6":"product_cat-psych-garage-sixties","7":"product_cat-world","8":"product_tag-survival-research","10":"first","11":"onbackorder","12":"shipping-taxable","13":"purchasable","14":"product-type-simple"},"_links":{"self":[{"href":"https:\/\/vinylgrove.nl\/index.php\/wp-json\/wp\/v2\/product\/23163","targetHints":{"allow":["GET"]}}],"collection":[{"href":"https:\/\/vinylgrove.nl\/index.php\/wp-json\/wp\/v2\/product"}],"about":[{"href":"https:\/\/vinylgrove.nl\/index.php\/wp-json\/wp\/v2\/types\/product"}],"wp:featuredmedia":[{"embeddable":true,"href":"https:\/\/vinylgrove.nl\/index.php\/wp-json\/wp\/v2\/media\/23164"}],"wp:attachment":[{"href":"https:\/\/vinylgrove.nl\/index.php\/wp-json\/wp\/v2\/media?parent=23163"}],"wp:term":[{"taxonomy":"product_brand","embeddable":true,"href":"https:\/\/vinylgrove.nl\/index.php\/wp-json\/wp\/v2\/product_brand?post=23163"},{"taxonomy":"product_cat","embeddable":true,"href":"https:\/\/vinylgrove.nl\/index.php\/wp-json\/wp\/v2\/product_cat?post=23163"},{"taxonomy":"product_tag","embeddable":true,"href":"https:\/\/vinylgrove.nl\/index.php\/wp-json\/wp\/v2\/product_tag?post=23163"}],"curies":[{"name":"wp","href":"https:\/\/api.w.org\/{rel}","templated":true}]}}