{"id":23165,"date":"2021-05-31T21:07:52","date_gmt":"2021-05-31T19:07:52","guid":{"rendered":"https:\/\/vinylgrove.nl\/?post_type=product&#038;p=23165"},"modified":"2025-12-27T14:08:27","modified_gmt":"2025-12-27T13:08:27","slug":"koray-erkin-4","status":"publish","type":"product","link":"https:\/\/vinylgrove.nl\/index.php\/product\/koray-erkin-4\/","title":{"rendered":"Koray, Erkin"},"content":{"rendered":"<p>Compilation album from Turkish axeslinger<\/p>\n<p>A1\tMesafeler<br \/>\nA2\tA\u015fk\u0131m\u0131z Bitecek<br \/>\nA3\tYa\u011fmur<br \/>\nA4\tSilinmeyen Hat\u0131ralar<br \/>\nA5\t\u0130stemem<br \/>\nA6\t\u00c7i\u00e7ek Da\u011f\u0131<br \/>\nA7\tK\u0131skan\u0131r\u0131m<br \/>\nB1\tNihans\u0131n Dideden<br \/>\nB2\tSana Bir \u015eeyler Olmu\u015f<br \/>\nB3\tSeni Her G\u00f6rd\u00fc\u011f\u00fcmde<br \/>\nB4\tA\u015fka \u0130nanm\u0131yorum<br \/>\nB5\tK\u0131zlar\u0131 da Al\u0131n Askere<br \/>\nB6\tAnma Arkada\u015f<br \/>\nB7\tKendim Ettim Kendim Buldum<\/p>\n","protected":false},"excerpt":{"rendered":"<p>A\u015fk\u0131m\u0131z Bitecek<\/p>\n","protected":false},"featured_media":23166,"template":"","meta":[],"product_brand":[],"product_cat":[1284,726],"product_tag":[2396],"class_list":{"0":"post-23165","1":"product","2":"type-product","3":"status-publish","4":"has-post-thumbnail","6":"product_cat-psych-garage-sixties","7":"product_cat-world","8":"product_tag-turkuola","10":"first","11":"onbackorder","12":"shipping-taxable","13":"purchasable","14":"product-type-simple"},"_links":{"self":[{"href":"https:\/\/vinylgrove.nl\/index.php\/wp-json\/wp\/v2\/product\/23165","targetHints":{"allow":["GET"]}}],"collection":[{"href":"https:\/\/vinylgrove.nl\/index.php\/wp-json\/wp\/v2\/product"}],"about":[{"href":"https:\/\/vinylgrove.nl\/index.php\/wp-json\/wp\/v2\/types\/product"}],"wp:featuredmedia":[{"embeddable":true,"href":"https:\/\/vinylgrove.nl\/index.php\/wp-json\/wp\/v2\/media\/23166"}],"wp:attachment":[{"href":"https:\/\/vinylgrove.nl\/index.php\/wp-json\/wp\/v2\/media?parent=23165"}],"wp:term":[{"taxonomy":"product_brand","embeddable":true,"href":"https:\/\/vinylgrove.nl\/index.php\/wp-json\/wp\/v2\/product_brand?post=23165"},{"taxonomy":"product_cat","embeddable":true,"href":"https:\/\/vinylgrove.nl\/index.php\/wp-json\/wp\/v2\/product_cat?post=23165"},{"taxonomy":"product_tag","embeddable":true,"href":"https:\/\/vinylgrove.nl\/index.php\/wp-json\/wp\/v2\/product_tag?post=23165"}],"curies":[{"name":"wp","href":"https:\/\/api.w.org\/{rel}","templated":true}]}}