{"id":23167,"date":"2021-05-31T21:11:19","date_gmt":"2021-05-31T19:11:19","guid":{"rendered":"https:\/\/vinylgrove.nl\/?post_type=product&#038;p=23167"},"modified":"2026-02-21T14:58:58","modified_gmt":"2026-02-21T13:58:58","slug":"koray-erkin-5","status":"publish","type":"product","link":"https:\/\/vinylgrove.nl\/index.php\/product\/koray-erkin-5\/","title":{"rendered":"Koray, Erkin"},"content":{"rendered":"<p>Tutkusu&#8221; or &#8221;Erkin Koray Tutkusu&#8221; is the 2nd studio album of legendary guitarist Erkin Koray. First issue was released in 1977 by Kervan Record in Turkey.<br \/>\nSome tracks recorded at Soundpush Studio in Laren, The Netherlands.<\/p>\n<p>A1\tAllah A\u015fk\u0131na<br \/>\nA2\tMa\u011farada D\u00fc\u011f\u00fcn<br \/>\nA3\tSandalc\u0131<br \/>\nA4\tBir Olas\u0131l\u0131k<br \/>\nA5\tMy Delight<br \/>\nA6\tC\u00fcmb\u00fcr Cemaat<br \/>\nB1\tSanma<br \/>\nB2\tSuskunlu\u011fun \u00d6tesi<br \/>\nB3\tBlond Men<br \/>\nB4\tGeliyor<br \/>\nB5\tYaln\u0131z Sen Vars\u0131n<\/p>\n","protected":false},"excerpt":{"rendered":"<p>Tutkusu (Gatefold)<\/p>\n","protected":false},"featured_media":23168,"template":"","meta":[],"product_brand":[],"product_cat":[1284,726],"product_tag":[2340],"class_list":{"0":"post-23167","1":"product","2":"type-product","3":"status-publish","4":"has-post-thumbnail","6":"product_cat-psych-garage-sixties","7":"product_cat-world","8":"product_tag-survival-research","10":"first","11":"onbackorder","12":"shipping-taxable","13":"purchasable","14":"product-type-simple"},"_links":{"self":[{"href":"https:\/\/vinylgrove.nl\/index.php\/wp-json\/wp\/v2\/product\/23167","targetHints":{"allow":["GET"]}}],"collection":[{"href":"https:\/\/vinylgrove.nl\/index.php\/wp-json\/wp\/v2\/product"}],"about":[{"href":"https:\/\/vinylgrove.nl\/index.php\/wp-json\/wp\/v2\/types\/product"}],"wp:featuredmedia":[{"embeddable":true,"href":"https:\/\/vinylgrove.nl\/index.php\/wp-json\/wp\/v2\/media\/23168"}],"wp:attachment":[{"href":"https:\/\/vinylgrove.nl\/index.php\/wp-json\/wp\/v2\/media?parent=23167"}],"wp:term":[{"taxonomy":"product_brand","embeddable":true,"href":"https:\/\/vinylgrove.nl\/index.php\/wp-json\/wp\/v2\/product_brand?post=23167"},{"taxonomy":"product_cat","embeddable":true,"href":"https:\/\/vinylgrove.nl\/index.php\/wp-json\/wp\/v2\/product_cat?post=23167"},{"taxonomy":"product_tag","embeddable":true,"href":"https:\/\/vinylgrove.nl\/index.php\/wp-json\/wp\/v2\/product_tag?post=23167"}],"curies":[{"name":"wp","href":"https:\/\/api.w.org\/{rel}","templated":true}]}}