{"id":23980,"date":"2021-06-28T20:48:43","date_gmt":"2021-06-28T18:48:43","guid":{"rendered":"https:\/\/vinylgrove.nl\/?post_type=product&#038;p=23980"},"modified":"2025-09-18T15:41:28","modified_gmt":"2025-09-18T13:41:28","slug":"gainsbourg-serge-6","status":"publish","type":"product","link":"https:\/\/vinylgrove.nl\/index.php\/product\/gainsbourg-serge-6\/","title":{"rendered":"Gainsbourg, Serge"},"content":{"rendered":"<p>In 1964 and 1966, when Serge Gainsbourg participated in the two public recordings at the \u201cMaison de la Radio\u201d, he is undoubtedly the outstanding protagonist of the evening. It was at this moment that his, according to his own words, \u201cblue period\u201d came to an end. This period was characterized by left-bank songs, tinged with notes of jazz and exotic rhythms.<\/p>\n<p>TRACKLIST:<\/p>\n<p>A1. Le Rock de Nerval<br \/>\nA2. La Recette de l\u2019Amour Fou<br \/>\nA3. Les Go\u00e9mons<br \/>\nA4. La Javanaise<\/p>\n<p>B1. Le Talkie Walkie<br \/>\nB2. Elaeudanla T\u00e9\u00eft\u00e9\u00efa<br \/>\nB3. Intoxicated Man<br \/>\nB4. Ces Petits Riens<\/p>\n","protected":false},"excerpt":{"rendered":"<p>A La Maison De La Radio -8tr.-<\/p>\n","protected":false},"featured_media":23981,"template":"","meta":[],"product_brand":[],"product_cat":[713],"product_tag":[2354],"class_list":{"0":"post-23980","1":"product","2":"type-product","3":"status-publish","4":"has-post-thumbnail","6":"product_cat-pop","7":"product_tag-diggers-factory","9":"first","10":"outofstock","11":"shipping-taxable","12":"purchasable","13":"product-type-simple"},"_links":{"self":[{"href":"https:\/\/vinylgrove.nl\/index.php\/wp-json\/wp\/v2\/product\/23980","targetHints":{"allow":["GET"]}}],"collection":[{"href":"https:\/\/vinylgrove.nl\/index.php\/wp-json\/wp\/v2\/product"}],"about":[{"href":"https:\/\/vinylgrove.nl\/index.php\/wp-json\/wp\/v2\/types\/product"}],"wp:featuredmedia":[{"embeddable":true,"href":"https:\/\/vinylgrove.nl\/index.php\/wp-json\/wp\/v2\/media\/23981"}],"wp:attachment":[{"href":"https:\/\/vinylgrove.nl\/index.php\/wp-json\/wp\/v2\/media?parent=23980"}],"wp:term":[{"taxonomy":"product_brand","embeddable":true,"href":"https:\/\/vinylgrove.nl\/index.php\/wp-json\/wp\/v2\/product_brand?post=23980"},{"taxonomy":"product_cat","embeddable":true,"href":"https:\/\/vinylgrove.nl\/index.php\/wp-json\/wp\/v2\/product_cat?post=23980"},{"taxonomy":"product_tag","embeddable":true,"href":"https:\/\/vinylgrove.nl\/index.php\/wp-json\/wp\/v2\/product_tag?post=23980"}],"curies":[{"name":"wp","href":"https:\/\/api.w.org\/{rel}","templated":true}]}}