{"id":24421,"date":"2021-07-15T15:41:48","date_gmt":"2021-07-15T13:41:48","guid":{"rendered":"https:\/\/vinylgrove.nl\/?post_type=product&#038;p=24421"},"modified":"2025-09-18T16:02:49","modified_gmt":"2025-09-18T14:02:49","slug":"stoner","status":"publish","type":"product","link":"https:\/\/vinylgrove.nl\/index.php\/product\/stoner\/","title":{"rendered":"St\u00f6ner"},"content":{"rendered":"<p>St\u00f6ner areth: Brant Bjork, Ryan G\u00fct and Nick Oliveri<\/p>\n","protected":false},"excerpt":{"rendered":"<p>Live In The Mojave Desert<\/p>\n","protected":false},"featured_media":24422,"template":"","meta":[],"product_brand":[],"product_cat":[28,2326],"product_tag":[1990],"class_list":{"0":"post-24421","1":"product","2":"type-product","3":"status-publish","4":"has-post-thumbnail","6":"product_cat-metal-hardrock","7":"product_cat-stoner","8":"product_tag-heavy-psych-sounds","10":"first","11":"outofstock","12":"shipping-taxable","13":"purchasable","14":"product-type-simple"},"_links":{"self":[{"href":"https:\/\/vinylgrove.nl\/index.php\/wp-json\/wp\/v2\/product\/24421","targetHints":{"allow":["GET"]}}],"collection":[{"href":"https:\/\/vinylgrove.nl\/index.php\/wp-json\/wp\/v2\/product"}],"about":[{"href":"https:\/\/vinylgrove.nl\/index.php\/wp-json\/wp\/v2\/types\/product"}],"wp:featuredmedia":[{"embeddable":true,"href":"https:\/\/vinylgrove.nl\/index.php\/wp-json\/wp\/v2\/media\/24422"}],"wp:attachment":[{"href":"https:\/\/vinylgrove.nl\/index.php\/wp-json\/wp\/v2\/media?parent=24421"}],"wp:term":[{"taxonomy":"product_brand","embeddable":true,"href":"https:\/\/vinylgrove.nl\/index.php\/wp-json\/wp\/v2\/product_brand?post=24421"},{"taxonomy":"product_cat","embeddable":true,"href":"https:\/\/vinylgrove.nl\/index.php\/wp-json\/wp\/v2\/product_cat?post=24421"},{"taxonomy":"product_tag","embeddable":true,"href":"https:\/\/vinylgrove.nl\/index.php\/wp-json\/wp\/v2\/product_tag?post=24421"}],"curies":[{"name":"wp","href":"https:\/\/api.w.org\/{rel}","templated":true}]}}