{"id":25054,"date":"2021-08-06T14:19:29","date_gmt":"2021-08-06T12:19:29","guid":{"rendered":"https:\/\/vinylgrove.nl\/?post_type=product&#038;p=25054"},"modified":"2025-09-18T15:35:57","modified_gmt":"2025-09-18T13:35:57","slug":"various-134","status":"publish","type":"product","link":"https:\/\/vinylgrove.nl\/index.php\/product\/various-134\/","title":{"rendered":"Various"},"content":{"rendered":"<p>3LP + 120 pages book!<\/p>\n<p>From his studio in central Bobo-Dioulasso, West African photographer Sory Sanl\u00e9 documented a nation&#8217;s transformation from colonial foothold to cosmopolitan oasis. Captured on on 6&#215;6 medium format Rolleiflex SL66, Sanl\u00e9\u2019s keen eye provides an intimate look into the landlocked nation\u2019s pop culture explosion of the 1970s, through changing hair and fashion, hats and sunglasses, swords and boomboxes, motorcycles and cars, the traditional and modern. A melange of community elders and emboldened youth spill from the brightly lit confines of Sanl\u00e9\u2019s Volta Photo into the dimly lit nightclubs of Upper Volta&#8217;s cultural capital, all compiled in a 120-page hardbound book. Bookending this coffee table worthy black and white monograph are multiple essays, 28 battered sleeves, and a complete pre-revolution discography. Draped in colorful Voltaic patterns are three accompanying discs, with dozens of rare and evocative recordings by Bobo-Dioulasso\u2019s musical titans: Volta Jazz, Dafra Star, Echo Del Africa, Coulibaly Tidiane, and Les Imbattables L\u00e9opards, all darting in and out of Afro-funk, French yeye, and American R&#038;B while still maintaining a grip on their pre-colonial heritage.<\/p>\n<p>Tracklist:<\/p>\n<p>A1 Air Volta 4:07<br \/>\nA2 Bi Kameleou 4:01<br \/>\nA3 Fitri Mawaly 4:51<br \/>\nA4 Djougou Toro 5:30<br \/>\nA5 BB Peyrissac 4:53<\/p>\n<p>B1 Mama Soukous 4:57<br \/>\nB2 Fintabolo 5:10<br \/>\nB3 W\u00ear\u00ea W\u00ear\u00ea Magni 4:13<br \/>\nB4 N\u00e2g\u00f4 F\u00e2la 3:00<br \/>\nB5 Mousso Koroba Tike 4:39<\/p>\n<p>C1 De Nwolo 5:23<br \/>\nC2 Sie Koumgolo 4:07<br \/>\nC3 Dounian 6:22<br \/>\nC4 Si Tu Maime 3:49<\/p>\n<p>D1 Tjiranama 4:14<br \/>\nD2 Yafamma 6:54<br \/>\nD3 Foli 5:11<br \/>\nD4 Ram Passomay\u00e9 5:52<\/p>\n<p>E1 Gentlemen Doromina 4:00<br \/>\nE2 Bissongo Lebguinw 5:33<br \/>\nE3 Dja Tigui Kie 6:35<br \/>\nE4 Milaoba 6:54<\/p>\n<p>F1 Yiri Wah 5:35<br \/>\nF2 N\u00e9n\u00e9 4:17<br \/>\nF3 He Ya Wannan 4:25<br \/>\nF4 Arindo 4:28<\/p>\n","protected":false},"excerpt":{"rendered":"<p>Bobo Yeye: Belle Epoque In Upper Volta (Box)<\/p>\n","protected":false},"featured_media":25055,"template":"","meta":[],"product_brand":[],"product_cat":[717,726],"product_tag":[824],"class_list":{"0":"post-25054","1":"product","2":"type-product","3":"status-publish","4":"has-post-thumbnail","6":"product_cat-funk-soul","7":"product_cat-world","8":"product_tag-numero-group","10":"first","11":"outofstock","12":"shipping-taxable","13":"purchasable","14":"product-type-simple"},"_links":{"self":[{"href":"https:\/\/vinylgrove.nl\/index.php\/wp-json\/wp\/v2\/product\/25054","targetHints":{"allow":["GET"]}}],"collection":[{"href":"https:\/\/vinylgrove.nl\/index.php\/wp-json\/wp\/v2\/product"}],"about":[{"href":"https:\/\/vinylgrove.nl\/index.php\/wp-json\/wp\/v2\/types\/product"}],"wp:featuredmedia":[{"embeddable":true,"href":"https:\/\/vinylgrove.nl\/index.php\/wp-json\/wp\/v2\/media\/25055"}],"wp:attachment":[{"href":"https:\/\/vinylgrove.nl\/index.php\/wp-json\/wp\/v2\/media?parent=25054"}],"wp:term":[{"taxonomy":"product_brand","embeddable":true,"href":"https:\/\/vinylgrove.nl\/index.php\/wp-json\/wp\/v2\/product_brand?post=25054"},{"taxonomy":"product_cat","embeddable":true,"href":"https:\/\/vinylgrove.nl\/index.php\/wp-json\/wp\/v2\/product_cat?post=25054"},{"taxonomy":"product_tag","embeddable":true,"href":"https:\/\/vinylgrove.nl\/index.php\/wp-json\/wp\/v2\/product_tag?post=25054"}],"curies":[{"name":"wp","href":"https:\/\/api.w.org\/{rel}","templated":true}]}}