{"id":25478,"date":"2021-08-26T12:56:31","date_gmt":"2021-08-26T10:56:31","guid":{"rendered":"https:\/\/vinylgrove.nl\/?post_type=product&#038;p=25478"},"modified":"2025-07-03T15:04:24","modified_gmt":"2025-07-03T13:04:24","slug":"ongur-taner-43-75","status":"publish","type":"product","link":"https:\/\/vinylgrove.nl\/index.php\/product\/ongur-taner-43-75\/","title":{"rendered":"\u00d6ng\u00fcr, Taner &#038; 43.75"},"content":{"rendered":"<p>As we continue our half-joke-verbal agreement of &#8220;one album per year&#8221; with Taner \u00d6ng\u00fcr, here we go with &#8220;Water Cycle&#8221;. Like many musician in the world, lock down home, early 2020 Taner \u00d6ng\u00fcr got back to his own song books and merge them with some new ideas and brought us this exceptional instrumental album. It&#8217;s quite hard to classify it within one genre but we can say it takes off from progressive sounds and explore around \u00d6ng\u00fcr&#8217;s latest band 43,75&#8217;s own swing-surf-rock style (of course with some little psychedelic touches). These 14 tracks consist 3 special covers such as the Beatles&#8217; &#8220;I am the Walrus&#8221;, Bollywood&#8217;s famous &#8220;Mera Joota Hai Japani&#8221; and &#8220;Ya Mustafa&#8221; which featured in various works of middle eastern cinema.<\/p>\n<p><a href=\"https:\/\/tanerongur.bandcamp.com\/album\/water-cycle\">CLICK H E R E<\/a><\/p>\n","protected":false},"excerpt":{"rendered":"<p>Water Cycle (Gatefold\/2&#215;10&#8243;\/yellow)<\/p>\n","protected":false},"featured_media":25479,"template":"","meta":[],"product_brand":[],"product_cat":[1284,726],"product_tag":[2400],"class_list":{"0":"post-25478","1":"product","2":"type-product","3":"status-publish","4":"has-post-thumbnail","6":"product_cat-psych-garage-sixties","7":"product_cat-world","8":"product_tag-tantana-records","10":"first","11":"instock","12":"shipping-taxable","13":"purchasable","14":"product-type-simple"},"_links":{"self":[{"href":"https:\/\/vinylgrove.nl\/index.php\/wp-json\/wp\/v2\/product\/25478","targetHints":{"allow":["GET"]}}],"collection":[{"href":"https:\/\/vinylgrove.nl\/index.php\/wp-json\/wp\/v2\/product"}],"about":[{"href":"https:\/\/vinylgrove.nl\/index.php\/wp-json\/wp\/v2\/types\/product"}],"wp:featuredmedia":[{"embeddable":true,"href":"https:\/\/vinylgrove.nl\/index.php\/wp-json\/wp\/v2\/media\/25479"}],"wp:attachment":[{"href":"https:\/\/vinylgrove.nl\/index.php\/wp-json\/wp\/v2\/media?parent=25478"}],"wp:term":[{"taxonomy":"product_brand","embeddable":true,"href":"https:\/\/vinylgrove.nl\/index.php\/wp-json\/wp\/v2\/product_brand?post=25478"},{"taxonomy":"product_cat","embeddable":true,"href":"https:\/\/vinylgrove.nl\/index.php\/wp-json\/wp\/v2\/product_cat?post=25478"},{"taxonomy":"product_tag","embeddable":true,"href":"https:\/\/vinylgrove.nl\/index.php\/wp-json\/wp\/v2\/product_tag?post=25478"}],"curies":[{"name":"wp","href":"https:\/\/api.w.org\/{rel}","templated":true}]}}