{"id":26528,"date":"2021-10-05T15:31:02","date_gmt":"2021-10-05T13:31:02","guid":{"rendered":"https:\/\/vinylgrove.nl\/?post_type=product&#038;p=26528"},"modified":"2025-09-18T15:43:03","modified_gmt":"2025-09-18T13:43:03","slug":"manco-baris-kurtulan-ekspres","status":"publish","type":"product","link":"https:\/\/vinylgrove.nl\/index.php\/product\/manco-baris-kurtulan-ekspres\/","title":{"rendered":"Man\u00e7o, Bar\u0131\u015f \/ Kurtulan Ekspres"},"content":{"rendered":"<p>1983 Album. A funky pop-prog thing.<\/p>\n","protected":false},"excerpt":{"rendered":"<p>Estagfurullah&#8211;Ne Haddimize!<\/p>\n","protected":false},"featured_media":26530,"template":"","meta":[],"product_brand":[],"product_cat":[726],"product_tag":[744],"class_list":{"0":"post-26528","1":"product","2":"type-product","3":"status-publish","4":"has-post-thumbnail","6":"product_cat-world","7":"product_tag-pharaway-sounds","9":"first","10":"outofstock","11":"shipping-taxable","12":"purchasable","13":"product-type-simple"},"_links":{"self":[{"href":"https:\/\/vinylgrove.nl\/index.php\/wp-json\/wp\/v2\/product\/26528","targetHints":{"allow":["GET"]}}],"collection":[{"href":"https:\/\/vinylgrove.nl\/index.php\/wp-json\/wp\/v2\/product"}],"about":[{"href":"https:\/\/vinylgrove.nl\/index.php\/wp-json\/wp\/v2\/types\/product"}],"wp:featuredmedia":[{"embeddable":true,"href":"https:\/\/vinylgrove.nl\/index.php\/wp-json\/wp\/v2\/media\/26530"}],"wp:attachment":[{"href":"https:\/\/vinylgrove.nl\/index.php\/wp-json\/wp\/v2\/media?parent=26528"}],"wp:term":[{"taxonomy":"product_brand","embeddable":true,"href":"https:\/\/vinylgrove.nl\/index.php\/wp-json\/wp\/v2\/product_brand?post=26528"},{"taxonomy":"product_cat","embeddable":true,"href":"https:\/\/vinylgrove.nl\/index.php\/wp-json\/wp\/v2\/product_cat?post=26528"},{"taxonomy":"product_tag","embeddable":true,"href":"https:\/\/vinylgrove.nl\/index.php\/wp-json\/wp\/v2\/product_tag?post=26528"}],"curies":[{"name":"wp","href":"https:\/\/api.w.org\/{rel}","templated":true}]}}