{"id":26531,"date":"2021-10-05T15:44:53","date_gmt":"2021-10-05T13:44:53","guid":{"rendered":"https:\/\/vinylgrove.nl\/?post_type=product&#038;p=26531"},"modified":"2022-01-19T16:11:02","modified_gmt":"2022-01-19T15:11:02","slug":"manco-baris-5","status":"publish","type":"product","link":"https:\/\/vinylgrove.nl\/index.php\/product\/manco-baris-5\/","title":{"rendered":"Man\u00e7o, Bar\u0131\u015f"},"content":{"rendered":"<p>Artwork is slighty different than our picture; name is on top and title below left.<\/p>\n","protected":false},"excerpt":{"rendered":"<p>Darisi Basiniza<\/p>\n","protected":false},"featured_media":26532,"template":"","meta":[],"product_brand":[],"product_cat":[726],"product_tag":[2396],"class_list":{"0":"post-26531","1":"product","2":"type-product","3":"status-publish","4":"has-post-thumbnail","6":"product_cat-world","7":"product_tag-turkuola","9":"first","10":"instock","11":"shipping-taxable","12":"purchasable","13":"product-type-simple"},"_links":{"self":[{"href":"https:\/\/vinylgrove.nl\/index.php\/wp-json\/wp\/v2\/product\/26531","targetHints":{"allow":["GET"]}}],"collection":[{"href":"https:\/\/vinylgrove.nl\/index.php\/wp-json\/wp\/v2\/product"}],"about":[{"href":"https:\/\/vinylgrove.nl\/index.php\/wp-json\/wp\/v2\/types\/product"}],"wp:featuredmedia":[{"embeddable":true,"href":"https:\/\/vinylgrove.nl\/index.php\/wp-json\/wp\/v2\/media\/26532"}],"wp:attachment":[{"href":"https:\/\/vinylgrove.nl\/index.php\/wp-json\/wp\/v2\/media?parent=26531"}],"wp:term":[{"taxonomy":"product_brand","embeddable":true,"href":"https:\/\/vinylgrove.nl\/index.php\/wp-json\/wp\/v2\/product_brand?post=26531"},{"taxonomy":"product_cat","embeddable":true,"href":"https:\/\/vinylgrove.nl\/index.php\/wp-json\/wp\/v2\/product_cat?post=26531"},{"taxonomy":"product_tag","embeddable":true,"href":"https:\/\/vinylgrove.nl\/index.php\/wp-json\/wp\/v2\/product_tag?post=26531"}],"curies":[{"name":"wp","href":"https:\/\/api.w.org\/{rel}","templated":true}]}}