{"id":28123,"date":"2021-12-02T22:02:16","date_gmt":"2021-12-02T21:02:16","guid":{"rendered":"https:\/\/vinylgrove.nl\/?post_type=product&#038;p=28123"},"modified":"2022-12-27T17:02:33","modified_gmt":"2022-12-27T16:02:33","slug":"sigur-ros-9","status":"publish","type":"product","link":"https:\/\/vinylgrove.nl\/index.php\/product\/sigur-ros-9\/","title":{"rendered":"Sigur Ros"},"content":{"rendered":"<p>Lagalista: <\/p>\n<p>A1 Gobbledigook<br \/>\nA2 Inn\u00ed M\u00e9r Syngur Vitleysingur<br \/>\nA3 G\u00f3\u00f0an Daginn<br \/>\nA4 Vi\u00f0 Spilum Endalaust<\/p>\n<p>B1 Festival<br \/>\nB2 Me\u00f0 Su\u00f0 \u00cd Eyrum<\/p>\n<p>C1 \u00c1ra B\u00e1tur<br \/>\nC2 Illgresi<\/p>\n<p>D1 Flj\u00f3tav\u00edk<br \/>\nD2 Straumnes<br \/>\nD3 All Alright<\/p>\n","protected":false},"excerpt":{"rendered":"<p>Med Sud I Eyrum Vid Spilum Endalaust (2LP)<\/p>\n","protected":false},"featured_media":28124,"template":"","meta":[],"product_brand":[],"product_cat":[2325,142],"product_tag":[1104],"class_list":{"0":"post-28123","1":"product","2":"type-product","3":"status-publish","4":"has-post-thumbnail","6":"product_cat-alternative-rock","7":"product_cat-electronic","8":"product_tag-krunk","10":"first","11":"outofstock","12":"shipping-taxable","13":"purchasable","14":"product-type-simple"},"_links":{"self":[{"href":"https:\/\/vinylgrove.nl\/index.php\/wp-json\/wp\/v2\/product\/28123","targetHints":{"allow":["GET"]}}],"collection":[{"href":"https:\/\/vinylgrove.nl\/index.php\/wp-json\/wp\/v2\/product"}],"about":[{"href":"https:\/\/vinylgrove.nl\/index.php\/wp-json\/wp\/v2\/types\/product"}],"wp:featuredmedia":[{"embeddable":true,"href":"https:\/\/vinylgrove.nl\/index.php\/wp-json\/wp\/v2\/media\/28124"}],"wp:attachment":[{"href":"https:\/\/vinylgrove.nl\/index.php\/wp-json\/wp\/v2\/media?parent=28123"}],"wp:term":[{"taxonomy":"product_brand","embeddable":true,"href":"https:\/\/vinylgrove.nl\/index.php\/wp-json\/wp\/v2\/product_brand?post=28123"},{"taxonomy":"product_cat","embeddable":true,"href":"https:\/\/vinylgrove.nl\/index.php\/wp-json\/wp\/v2\/product_cat?post=28123"},{"taxonomy":"product_tag","embeddable":true,"href":"https:\/\/vinylgrove.nl\/index.php\/wp-json\/wp\/v2\/product_tag?post=28123"}],"curies":[{"name":"wp","href":"https:\/\/api.w.org\/{rel}","templated":true}]}}