{"id":31385,"date":"2022-05-07T14:34:14","date_gmt":"2022-05-07T12:34:14","guid":{"rendered":"https:\/\/vinylgrove.nl\/?post_type=product&#038;p=31385"},"modified":"2025-09-18T15:32:01","modified_gmt":"2025-09-18T13:32:01","slug":"stoner-3","status":"publish","type":"product","link":"https:\/\/vinylgrove.nl\/index.php\/product\/stoner-3\/","title":{"rendered":"St\u00f6ner"},"content":{"rendered":"<p>St\u00f6ner areth: Brant Bjork, Ryan G\u00fct and Nick Oliveri<\/p>\n<p>Thou shallt f\u00efnd them in the F\u00fc Manch\u00fc bin<\/p>\n","protected":false},"excerpt":{"rendered":"<p>Totally (black)<\/p>\n","protected":false},"featured_media":31391,"template":"","meta":[],"product_brand":[],"product_cat":[28,2326],"product_tag":[1990],"class_list":{"0":"post-31385","1":"product","2":"type-product","3":"status-publish","4":"has-post-thumbnail","6":"product_cat-metal-hardrock","7":"product_cat-stoner","8":"product_tag-heavy-psych-sounds","10":"first","11":"outofstock","12":"shipping-taxable","13":"purchasable","14":"product-type-simple"},"_links":{"self":[{"href":"https:\/\/vinylgrove.nl\/index.php\/wp-json\/wp\/v2\/product\/31385","targetHints":{"allow":["GET"]}}],"collection":[{"href":"https:\/\/vinylgrove.nl\/index.php\/wp-json\/wp\/v2\/product"}],"about":[{"href":"https:\/\/vinylgrove.nl\/index.php\/wp-json\/wp\/v2\/types\/product"}],"wp:featuredmedia":[{"embeddable":true,"href":"https:\/\/vinylgrove.nl\/index.php\/wp-json\/wp\/v2\/media\/31391"}],"wp:attachment":[{"href":"https:\/\/vinylgrove.nl\/index.php\/wp-json\/wp\/v2\/media?parent=31385"}],"wp:term":[{"taxonomy":"product_brand","embeddable":true,"href":"https:\/\/vinylgrove.nl\/index.php\/wp-json\/wp\/v2\/product_brand?post=31385"},{"taxonomy":"product_cat","embeddable":true,"href":"https:\/\/vinylgrove.nl\/index.php\/wp-json\/wp\/v2\/product_cat?post=31385"},{"taxonomy":"product_tag","embeddable":true,"href":"https:\/\/vinylgrove.nl\/index.php\/wp-json\/wp\/v2\/product_tag?post=31385"}],"curies":[{"name":"wp","href":"https:\/\/api.w.org\/{rel}","templated":true}]}}