{"id":31404,"date":"2022-05-08T21:06:51","date_gmt":"2022-05-08T19:06:51","guid":{"rendered":"https:\/\/vinylgrove.nl\/?post_type=product&#038;p=31404"},"modified":"2025-01-25T17:02:54","modified_gmt":"2025-01-25T16:02:54","slug":"jahari-massamba-unit-madlib-karriem-riggins","status":"publish","type":"product","link":"https:\/\/vinylgrove.nl\/index.php\/product\/jahari-massamba-unit-madlib-karriem-riggins\/","title":{"rendered":"Jahari Massamba Unit (Madlib &#038; Karriem Riggins)"},"content":{"rendered":"<p>The Jahari Massamba Unit features Madlib on all instrumentation with the exception of drums, which are laid down by Karriem Riggins. Like Madlib, Riggins is well-versed in both the Jazz and Hip Hop worlds. Musically, Madlib\u2019s label says: \u201cwe would call the project Spiritual Jazz, but jazz great Phil Ranelin told us to call it Black Classical Music, so that\u2019s what we\u2019re going with.\u201d This is an album put together by students of jazz in its myriad and historic forms who are also proponents of jazz\u2019s future. The resulting recording reflects a lifetime of record collecting, musical study, woodshedding, and a reverential respect for one another\u2019s craft. Regardless of categorization, this is an exciting and all-new entry in Madlib\u2019s Yesterday\u2019s New Quintet canon of difficult to categorize music.<\/p>\n<p>Tracklist:<\/p>\n<p>A1. Je Prendrai Le Roman\u00e9e-Conti (Putain De Leroy)<br \/>\nA2. Les Jardins Esm\u00e9raldins (Pour Caillard)<br \/>\nA3. Un Bordeaux Pr\u00e9-Phyllox\u00e9ra (Pour Le Riche Encul\u00e9)<br \/>\nA4. Deux Fakes Jayers (Aussi Pour Le Riche Encul\u00e9)<br \/>\nA5. Riesling Pour Robert<br \/>\n6. Du Morgon Au Moulin-\u00c0-Vent (Pour Duke)<br \/>\nB1. Trou Du Cul (Ode Au Sommelier Arrogant)<br \/>\nB2. Etude Montrachet \u2022 B3. Le Feu (Pour Belluard)<br \/>\nB4. Merde (Basse-cour) \u2022 B5. Inestimable Le Clos<br \/>\nB6. La Closerie (Pour Pr\u00e9vost)<br \/>\nB7. Hommage \u00c0 La Vielle Garde (Pour Lafarge Et Rinaldi)<\/p>\n","protected":false},"excerpt":{"rendered":"<p>Pardon My French<\/p>\n","protected":false},"featured_media":31405,"template":"","meta":[],"product_brand":[],"product_cat":[717,181,32],"product_tag":[1070],"class_list":{"0":"post-31404","1":"product","2":"type-product","3":"status-publish","4":"has-post-thumbnail","6":"product_cat-funk-soul","7":"product_cat-hip-hop","8":"product_cat-jazz","9":"product_tag-madlib-invazion","11":"first","12":"instock","13":"shipping-taxable","14":"purchasable","15":"product-type-simple"},"_links":{"self":[{"href":"https:\/\/vinylgrove.nl\/index.php\/wp-json\/wp\/v2\/product\/31404","targetHints":{"allow":["GET"]}}],"collection":[{"href":"https:\/\/vinylgrove.nl\/index.php\/wp-json\/wp\/v2\/product"}],"about":[{"href":"https:\/\/vinylgrove.nl\/index.php\/wp-json\/wp\/v2\/types\/product"}],"wp:featuredmedia":[{"embeddable":true,"href":"https:\/\/vinylgrove.nl\/index.php\/wp-json\/wp\/v2\/media\/31405"}],"wp:attachment":[{"href":"https:\/\/vinylgrove.nl\/index.php\/wp-json\/wp\/v2\/media?parent=31404"}],"wp:term":[{"taxonomy":"product_brand","embeddable":true,"href":"https:\/\/vinylgrove.nl\/index.php\/wp-json\/wp\/v2\/product_brand?post=31404"},{"taxonomy":"product_cat","embeddable":true,"href":"https:\/\/vinylgrove.nl\/index.php\/wp-json\/wp\/v2\/product_cat?post=31404"},{"taxonomy":"product_tag","embeddable":true,"href":"https:\/\/vinylgrove.nl\/index.php\/wp-json\/wp\/v2\/product_tag?post=31404"}],"curies":[{"name":"wp","href":"https:\/\/api.w.org\/{rel}","templated":true}]}}