{"id":31497,"date":"2022-05-13T17:30:16","date_gmt":"2022-05-13T15:30:16","guid":{"rendered":"https:\/\/vinylgrove.nl\/?post_type=product&#038;p=31497"},"modified":"2022-05-14T12:19:34","modified_gmt":"2022-05-14T10:19:34","slug":"magma-4","status":"publish","type":"product","link":"https:\/\/vinylgrove.nl\/index.php\/product\/magma-4\/","title":{"rendered":"Magma"},"content":{"rendered":"<p>Tracklist:<\/p>\n<ul class=\"ng-star-inserted\">\n<li class=\"ng-star-inserted\">A So\u1e81ilo\u00ef (So\u00ef So\u00ef) 12:16<\/li>\n<li class=\"ng-star-inserted\">B M\u00ebkan\u00efk D\u00ebstrukt\u00ef\u1e81 K\u00f6mmand\u00f6h 35:12<\/li>\n<li class=\"ng-star-inserted\">C Korusz II 20:11<\/li>\n<li class=\"ng-star-inserted\">D Theusz Hamtaahk 25:41<\/li>\n<\/ul>\n","protected":false},"excerpt":{"rendered":"<p>Z\u00fchn W\u00f6hl \u00dcnsai -Live 1974- (2LP\/Gatefold)<\/p>\n","protected":false},"featured_media":31498,"template":"","meta":[],"product_brand":[],"product_cat":[29],"product_tag":[2332],"class_list":{"0":"post-31497","1":"product","2":"type-product","3":"status-publish","4":"has-post-thumbnail","6":"product_cat-prog","7":"product_tag-mig","9":"first","10":"outofstock","11":"shipping-taxable","12":"purchasable","13":"product-type-simple"},"_links":{"self":[{"href":"https:\/\/vinylgrove.nl\/index.php\/wp-json\/wp\/v2\/product\/31497","targetHints":{"allow":["GET"]}}],"collection":[{"href":"https:\/\/vinylgrove.nl\/index.php\/wp-json\/wp\/v2\/product"}],"about":[{"href":"https:\/\/vinylgrove.nl\/index.php\/wp-json\/wp\/v2\/types\/product"}],"wp:featuredmedia":[{"embeddable":true,"href":"https:\/\/vinylgrove.nl\/index.php\/wp-json\/wp\/v2\/media\/31498"}],"wp:attachment":[{"href":"https:\/\/vinylgrove.nl\/index.php\/wp-json\/wp\/v2\/media?parent=31497"}],"wp:term":[{"taxonomy":"product_brand","embeddable":true,"href":"https:\/\/vinylgrove.nl\/index.php\/wp-json\/wp\/v2\/product_brand?post=31497"},{"taxonomy":"product_cat","embeddable":true,"href":"https:\/\/vinylgrove.nl\/index.php\/wp-json\/wp\/v2\/product_cat?post=31497"},{"taxonomy":"product_tag","embeddable":true,"href":"https:\/\/vinylgrove.nl\/index.php\/wp-json\/wp\/v2\/product_tag?post=31497"}],"curies":[{"name":"wp","href":"https:\/\/api.w.org\/{rel}","templated":true}]}}