{"id":31927,"date":"2022-06-02T13:11:10","date_gmt":"2022-06-02T11:11:10","guid":{"rendered":"https:\/\/vinylgrove.nl\/?post_type=product&#038;p=31927"},"modified":"2023-01-30T23:52:20","modified_gmt":"2023-01-30T22:52:20","slug":"ruacan-nukhet","status":"publish","type":"product","link":"https:\/\/vinylgrove.nl\/index.php\/product\/ruacan-nukhet\/","title":{"rendered":"Ruacan, N\u00fckhet"},"content":{"rendered":"<p>Musicians:<\/p>\n<ul class=\"list_1HutQ\">\n<li><span class=\"role_2ga14\">Acoustic Guitar, Electric Guitar<\/span>\u00a0\u2013\u00a0<span class=\"link_15cpV\"><a class=\"link_1ctor link_15cpV\" href=\"https:\/\/www.discogs.com\/artist\/2617895-Ne%C5%9Fet-Ruacan\" hreflang=\"en\">Ne\u015fet Ruacan<\/a><\/span><\/li>\n<li><span class=\"role_2ga14\">Arranged By<\/span>\u00a0\u2013\u00a0<span class=\"link_15cpV\"><a class=\"link_1ctor link_15cpV\" href=\"https:\/\/www.discogs.com\/artist\/2617895-Ne%C5%9Fet-Ruacan\" hreflang=\"en\">Ne\u015fet Ruacan<\/a><\/span>\u00a0(tracks: A1-A2-A3-A5, B1-B5),\u00a0<span class=\"link_15cpV\"><a class=\"link_1ctor link_15cpV\" href=\"https:\/\/www.discogs.com\/artist\/551812-Onno-Tun%C3%A7\" hreflang=\"en\">Onno Tun\u00e7<\/a><\/span>\u00a0(tracks: A4)<\/li>\n<li><span class=\"role_2ga14\">Bass Guitar<\/span>\u00a0\u2013\u00a0<span class=\"link_15cpV\"><a class=\"link_1ctor link_15cpV\" href=\"https:\/\/www.discogs.com\/artist\/551812-Onno-Tun%C3%A7\" hreflang=\"en\">Onno Tun\u00e7<\/a><\/span><\/li>\n<li><span class=\"role_2ga14\">Drums<\/span>\u00a0\u2013\u00a0<span class=\"link_15cpV\"><a class=\"link_1ctor link_15cpV\" href=\"https:\/\/www.discogs.com\/artist\/1172009-Cezmi-Ba%C5%9Fe%C4%9Fmez\" hreflang=\"en\">Cezmi Ba\u015fe\u011fmez<\/a><\/span>,\u00a0<span class=\"link_15cpV\"><a class=\"link_1ctor link_15cpV\" href=\"https:\/\/www.discogs.com\/artist\/939424-Orhan-Top%C3%A7uo%C4%9Flu\" hreflang=\"en\">Orhan Top\u00e7uo\u011flu<\/a><\/span>\u00a0(tracks: A1, B3)<\/li>\n<li><span class=\"role_2ga14\">Electric Piano<\/span>\u00a0\u2013\u00a0<span class=\"link_15cpV\"><a class=\"link_1ctor link_15cpV\" href=\"https:\/\/www.discogs.com\/artist\/2813546-Behi%C3%A7-Alt%C4%B1nda%C4%9F\" hreflang=\"en\">Behi\u00e7 Alt\u0131nda\u011f<\/a><\/span><\/li>\n<li><span class=\"role_2ga14\">Flute<\/span>\u00a0\u2013\u00a0<span class=\"link_15cpV\"><a class=\"link_1ctor link_15cpV\" href=\"https:\/\/www.discogs.com\/artist\/1082773-Levent-Alt%C4%B1nda%C4%9F\" hreflang=\"en\">Levent Alt\u0131nda\u011f<\/a><\/span><\/li>\n<li><span class=\"role_2ga14\">Percussion<\/span>\u00a0\u2013\u00a0<span class=\"link_15cpV\"><a class=\"link_1ctor link_15cpV\" href=\"https:\/\/www.discogs.com\/artist\/1024886-Aret-Sevan\" hreflang=\"en\">Aret Sevan<\/a><\/span>,\u00a0<span class=\"link_15cpV\"><a class=\"link_1ctor link_15cpV\" href=\"https:\/\/www.discogs.com\/artist\/939424-Orhan-Top%C3%A7uo%C4%9Flu\" hreflang=\"en\">Orhan Top\u00e7uo\u011flu<\/a><\/span><\/li>\n<li><span class=\"role_2ga14\">Soloist<\/span>\u00a0\u2013\u00a0<span class=\"link_15cpV\"><a class=\"link_1ctor link_15cpV\" href=\"https:\/\/www.discogs.com\/artist\/1172003-N%C3%BCkhet-Ruacan\" hreflang=\"en\">N\u00fckhet Ruacan<\/a><\/span><\/li>\n<li><span class=\"role_2ga14\">Synthesizer, Piano [Acoustic]<\/span>\u00a0\u2013\u00a0<span class=\"link_15cpV\"><a class=\"link_1ctor link_15cpV\" href=\"https:\/\/www.discogs.com\/artist\/937554-Turhan-Y%C3%BCkseler\" hreflang=\"en\">Turhan Y\u00fckseler<\/a><\/span><\/li>\n<\/ul>\n","protected":false},"excerpt":{"rendered":"<p>Ruacan<\/p>\n","protected":false},"featured_media":31928,"template":"","meta":[],"product_brand":[],"product_cat":[2657,713],"product_tag":[2546],"class_list":{"0":"post-31927","1":"product","2":"type-product","3":"status-publish","4":"has-post-thumbnail","6":"product_cat-middle-east-arabic","7":"product_cat-pop","8":"product_tag-arsivplak","10":"first","11":"instock","12":"shipping-taxable","13":"purchasable","14":"product-type-simple"},"_links":{"self":[{"href":"https:\/\/vinylgrove.nl\/index.php\/wp-json\/wp\/v2\/product\/31927","targetHints":{"allow":["GET"]}}],"collection":[{"href":"https:\/\/vinylgrove.nl\/index.php\/wp-json\/wp\/v2\/product"}],"about":[{"href":"https:\/\/vinylgrove.nl\/index.php\/wp-json\/wp\/v2\/types\/product"}],"wp:featuredmedia":[{"embeddable":true,"href":"https:\/\/vinylgrove.nl\/index.php\/wp-json\/wp\/v2\/media\/31928"}],"wp:attachment":[{"href":"https:\/\/vinylgrove.nl\/index.php\/wp-json\/wp\/v2\/media?parent=31927"}],"wp:term":[{"taxonomy":"product_brand","embeddable":true,"href":"https:\/\/vinylgrove.nl\/index.php\/wp-json\/wp\/v2\/product_brand?post=31927"},{"taxonomy":"product_cat","embeddable":true,"href":"https:\/\/vinylgrove.nl\/index.php\/wp-json\/wp\/v2\/product_cat?post=31927"},{"taxonomy":"product_tag","embeddable":true,"href":"https:\/\/vinylgrove.nl\/index.php\/wp-json\/wp\/v2\/product_tag?post=31927"}],"curies":[{"name":"wp","href":"https:\/\/api.w.org\/{rel}","templated":true}]}}