{"id":31957,"date":"2022-06-02T15:41:22","date_gmt":"2022-06-02T13:41:22","guid":{"rendered":"https:\/\/vinylgrove.nl\/?post_type=product&#038;p=31957"},"modified":"2026-02-21T15:04:29","modified_gmt":"2026-02-21T14:04:29","slug":"manco-baris-7","status":"publish","type":"product","link":"https:\/\/vinylgrove.nl\/index.php\/product\/manco-baris-7\/","title":{"rendered":"Man\u00e7o, Bar\u0131\u015f"},"content":{"rendered":"","protected":false},"excerpt":{"rendered":"<p>Kurtalan Ekspres -20 san&#8217;at disco man\u00e7o-<\/p>\n","protected":false},"featured_media":31958,"template":"","meta":[],"product_brand":[],"product_cat":[2657,713],"product_tag":[2396],"class_list":{"0":"post-31957","1":"product","2":"type-product","3":"status-publish","4":"has-post-thumbnail","6":"product_cat-middle-east-arabic","7":"product_cat-pop","8":"product_tag-turkuola","10":"first","11":"instock","12":"shipping-taxable","13":"purchasable","14":"product-type-simple"},"_links":{"self":[{"href":"https:\/\/vinylgrove.nl\/index.php\/wp-json\/wp\/v2\/product\/31957","targetHints":{"allow":["GET"]}}],"collection":[{"href":"https:\/\/vinylgrove.nl\/index.php\/wp-json\/wp\/v2\/product"}],"about":[{"href":"https:\/\/vinylgrove.nl\/index.php\/wp-json\/wp\/v2\/types\/product"}],"wp:featuredmedia":[{"embeddable":true,"href":"https:\/\/vinylgrove.nl\/index.php\/wp-json\/wp\/v2\/media\/31958"}],"wp:attachment":[{"href":"https:\/\/vinylgrove.nl\/index.php\/wp-json\/wp\/v2\/media?parent=31957"}],"wp:term":[{"taxonomy":"product_brand","embeddable":true,"href":"https:\/\/vinylgrove.nl\/index.php\/wp-json\/wp\/v2\/product_brand?post=31957"},{"taxonomy":"product_cat","embeddable":true,"href":"https:\/\/vinylgrove.nl\/index.php\/wp-json\/wp\/v2\/product_cat?post=31957"},{"taxonomy":"product_tag","embeddable":true,"href":"https:\/\/vinylgrove.nl\/index.php\/wp-json\/wp\/v2\/product_tag?post=31957"}],"curies":[{"name":"wp","href":"https:\/\/api.w.org\/{rel}","templated":true}]}}