{"id":31964,"date":"2022-06-02T16:16:05","date_gmt":"2022-06-02T14:16:05","guid":{"rendered":"https:\/\/vinylgrove.nl\/?post_type=product&#038;p=31964"},"modified":"2026-03-28T13:47:39","modified_gmt":"2026-03-28T12:47:39","slug":"manco-baris-8","status":"publish","type":"product","link":"https:\/\/vinylgrove.nl\/index.php\/product\/manco-baris-8\/","title":{"rendered":"Man\u00e7o, Bar\u0131\u015f"},"content":{"rendered":"<p>Tracklist:<\/p>\n<p><u>1. K\u0131z\u0131lc\u0131klar<br \/>\n2. Urfa\u2019n\u0131n Etraf\u0131 Dumanl\u0131 Da\u011flar<br \/>\n3. \u00c7\u0131t \u00c7\u0131t Twist<br \/>\n4. Dream Girl<\/u><\/p>\n<p><u>5. Let\u2019s Twist Again<br \/>\n6. The Twist<br \/>\n7. The Jet<br \/>\n8. Twistin U.S.A<\/u><\/p>\n","protected":false},"excerpt":{"rendered":"<p>1962-1963 -8tr.-<\/p>\n","protected":false},"featured_media":31965,"template":"","meta":[],"product_brand":[],"product_cat":[713,726],"product_tag":[2546],"class_list":{"0":"post-31964","1":"product","2":"type-product","3":"status-publish","4":"has-post-thumbnail","6":"product_cat-pop","7":"product_cat-world","8":"product_tag-arsivplak","10":"first","11":"onbackorder","12":"shipping-taxable","13":"purchasable","14":"product-type-simple"},"_links":{"self":[{"href":"https:\/\/vinylgrove.nl\/index.php\/wp-json\/wp\/v2\/product\/31964","targetHints":{"allow":["GET"]}}],"collection":[{"href":"https:\/\/vinylgrove.nl\/index.php\/wp-json\/wp\/v2\/product"}],"about":[{"href":"https:\/\/vinylgrove.nl\/index.php\/wp-json\/wp\/v2\/types\/product"}],"wp:featuredmedia":[{"embeddable":true,"href":"https:\/\/vinylgrove.nl\/index.php\/wp-json\/wp\/v2\/media\/31965"}],"wp:attachment":[{"href":"https:\/\/vinylgrove.nl\/index.php\/wp-json\/wp\/v2\/media?parent=31964"}],"wp:term":[{"taxonomy":"product_brand","embeddable":true,"href":"https:\/\/vinylgrove.nl\/index.php\/wp-json\/wp\/v2\/product_brand?post=31964"},{"taxonomy":"product_cat","embeddable":true,"href":"https:\/\/vinylgrove.nl\/index.php\/wp-json\/wp\/v2\/product_cat?post=31964"},{"taxonomy":"product_tag","embeddable":true,"href":"https:\/\/vinylgrove.nl\/index.php\/wp-json\/wp\/v2\/product_tag?post=31964"}],"curies":[{"name":"wp","href":"https:\/\/api.w.org\/{rel}","templated":true}]}}