{"id":31972,"date":"2022-06-02T17:03:25","date_gmt":"2022-06-02T15:03:25","guid":{"rendered":"https:\/\/vinylgrove.nl\/?post_type=product&#038;p=31972"},"modified":"2023-08-06T14:47:55","modified_gmt":"2023-08-06T12:47:55","slug":"kakinc-halit-donusum-2","status":"publish","type":"product","link":"https:\/\/vinylgrove.nl\/index.php\/product\/kakinc-halit-donusum-2\/","title":{"rendered":"Kakin\u00e7, Halit &#038; D\u00f6n\u00fcs\u00fcm"},"content":{"rendered":"<p>Tracklist:<\/p>\n<p>&nbsp;<\/p>\n","protected":false},"excerpt":{"rendered":"<p>D\u00fcnden Bug\u00fcne<\/p>\n","protected":false},"featured_media":31973,"template":"","meta":[],"product_brand":[],"product_cat":[713,726],"product_tag":[2546],"class_list":{"0":"post-31972","1":"product","2":"type-product","3":"status-publish","4":"has-post-thumbnail","6":"product_cat-pop","7":"product_cat-world","8":"product_tag-arsivplak","10":"first","11":"instock","12":"shipping-taxable","13":"purchasable","14":"product-type-simple"},"_links":{"self":[{"href":"https:\/\/vinylgrove.nl\/index.php\/wp-json\/wp\/v2\/product\/31972","targetHints":{"allow":["GET"]}}],"collection":[{"href":"https:\/\/vinylgrove.nl\/index.php\/wp-json\/wp\/v2\/product"}],"about":[{"href":"https:\/\/vinylgrove.nl\/index.php\/wp-json\/wp\/v2\/types\/product"}],"wp:featuredmedia":[{"embeddable":true,"href":"https:\/\/vinylgrove.nl\/index.php\/wp-json\/wp\/v2\/media\/31973"}],"wp:attachment":[{"href":"https:\/\/vinylgrove.nl\/index.php\/wp-json\/wp\/v2\/media?parent=31972"}],"wp:term":[{"taxonomy":"product_brand","embeddable":true,"href":"https:\/\/vinylgrove.nl\/index.php\/wp-json\/wp\/v2\/product_brand?post=31972"},{"taxonomy":"product_cat","embeddable":true,"href":"https:\/\/vinylgrove.nl\/index.php\/wp-json\/wp\/v2\/product_cat?post=31972"},{"taxonomy":"product_tag","embeddable":true,"href":"https:\/\/vinylgrove.nl\/index.php\/wp-json\/wp\/v2\/product_tag?post=31972"}],"curies":[{"name":"wp","href":"https:\/\/api.w.org\/{rel}","templated":true}]}}