{"id":32101,"date":"2022-06-08T16:18:44","date_gmt":"2022-06-08T14:18:44","guid":{"rendered":"https:\/\/vinylgrove.nl\/?post_type=product&#038;p=32101"},"modified":"2026-02-17T17:08:48","modified_gmt":"2026-02-17T16:08:48","slug":"motorhead-19","status":"publish","type":"product","link":"https:\/\/vinylgrove.nl\/index.php\/product\/motorhead-19\/","title":{"rendered":"Mot\u00f6rhead"},"content":{"rendered":"<p>Tracklist:<\/p>\n<ul class=\"ng-star-inserted\">\n<li class=\"ng-star-inserted\">01 Ace Of Spades 3:01<\/li>\n<li class=\"ng-star-inserted\">02 Stay Clean 2:51<\/li>\n<li class=\"ng-star-inserted\">03 Metropolis 3:31<\/li>\n<li class=\"ng-star-inserted\">04 The Hammer 3:05<\/li>\n<li class=\"ng-star-inserted\">05 Iron Horse 3:58<\/li>\n<li class=\"ng-star-inserted\">06 No Class 2:53<\/li>\n<li><\/li>\n<li class=\"ng-star-inserted\">07 Overkill 5:12<\/li>\n<li class=\"ng-star-inserted\">08 (We Are) The Road Crew 3:09<\/li>\n<li class=\"ng-star-inserted\">09 Capricorn 4:41<\/li>\n<li class=\"ng-star-inserted\">10 Bomber 3:41<\/li>\n<li class=\"ng-star-inserted\">11 Motorhead 4:45<\/li>\n<\/ul>\n<p>&nbsp;<\/p>\n","protected":false},"excerpt":{"rendered":"<p>N\u00f6 Sleep &#8217;til H\u00e4mmersm\u00efth<\/p>\n","protected":false},"featured_media":32102,"template":"","meta":[],"product_brand":[3002],"product_cat":[28],"product_tag":[784],"class_list":{"0":"post-32101","1":"product","2":"type-product","3":"status-publish","4":"has-post-thumbnail","6":"product_brand-universal-music-group","7":"product_cat-metal-hardrock","8":"product_tag-bmg","10":"first","11":"instock","12":"shipping-taxable","13":"purchasable","14":"product-type-simple"},"_links":{"self":[{"href":"https:\/\/vinylgrove.nl\/index.php\/wp-json\/wp\/v2\/product\/32101","targetHints":{"allow":["GET"]}}],"collection":[{"href":"https:\/\/vinylgrove.nl\/index.php\/wp-json\/wp\/v2\/product"}],"about":[{"href":"https:\/\/vinylgrove.nl\/index.php\/wp-json\/wp\/v2\/types\/product"}],"wp:featuredmedia":[{"embeddable":true,"href":"https:\/\/vinylgrove.nl\/index.php\/wp-json\/wp\/v2\/media\/32102"}],"wp:attachment":[{"href":"https:\/\/vinylgrove.nl\/index.php\/wp-json\/wp\/v2\/media?parent=32101"}],"wp:term":[{"taxonomy":"product_brand","embeddable":true,"href":"https:\/\/vinylgrove.nl\/index.php\/wp-json\/wp\/v2\/product_brand?post=32101"},{"taxonomy":"product_cat","embeddable":true,"href":"https:\/\/vinylgrove.nl\/index.php\/wp-json\/wp\/v2\/product_cat?post=32101"},{"taxonomy":"product_tag","embeddable":true,"href":"https:\/\/vinylgrove.nl\/index.php\/wp-json\/wp\/v2\/product_tag?post=32101"}],"curies":[{"name":"wp","href":"https:\/\/api.w.org\/{rel}","templated":true}]}}