{"id":33495,"date":"2022-07-30T16:21:27","date_gmt":"2022-07-30T14:21:27","guid":{"rendered":"https:\/\/vinylgrove.nl\/?post_type=product&#038;p=33495"},"modified":"2024-06-27T17:40:05","modified_gmt":"2024-06-27T15:40:05","slug":"mars-volta-3","status":"publish","type":"product","link":"https:\/\/vinylgrove.nl\/index.php\/product\/mars-volta-3\/","title":{"rendered":"Mars Volta"},"content":{"rendered":"<p>2022 Album. Expected September 16th.<\/p>\n<p>After the group fell silent, a legion of devotees (including Kanye West) kept up an insistent drum-beat for their return. Now \u2013 a year after La Realidad De Los Sue\u00f1os, a luxurious 18-LP box-set compiling their back catalogue, sold out its 5,000 print run in under 24 hours \u2013 the duo are back, accompanied this time by founder bassist Eva Gardner, drummer Willy Rodriguez Qui\u00f1ones and keyboard-player Marcel Rodr\u00edguez-L\u00f3pez. This song shakes loose some of The Mars Volta\u2019s long-standing shibboleths and the dizzying, abrasive prog stylings of earlier albums absent. Instead, The Mars Volta pulses with subtle brilliance, Caribbean rhythms underpinning sophisticated, turbulent songcraft. This is The Mars Volta at their most mature, most concise, most focused. Their sound and fury channelled to greatest effect, The Mars Volta finds Rodr\u00edguez-L\u00f3pez\u2019s subterranean pop melodies driving Bixler-Zavala\u2019s dark sci-fi tales of the occult and malevolent governments. Distilling all the passion, poetry and power at their fingertips, The Mars Volta is the most accessible music the group have ever recorded.<\/p>\n<p>Tracklist:<\/p>\n<ul class=\"ng-star-inserted\">\n<li class=\"ng-star-inserted\">\n<ul>\n<li class=\"ng-star-inserted\">01. Blacklight Shine<\/li>\n<li class=\"ng-star-inserted\">02. Graveyard Love<\/li>\n<li class=\"ng-star-inserted\">03. Shore Story<\/li>\n<li class=\"ng-star-inserted\">04. Blank Condolences<\/li>\n<li class=\"ng-star-inserted\">05. Vigil<\/li>\n<li class=\"ng-star-inserted\">06. Que Dios Te Maldiga Mi Corazon<\/li>\n<li class=\"ng-star-inserted\">07. Cerulea<\/li>\n<li class=\"ng-star-inserted\">08. Flash Burns From Flashbacks<\/li>\n<li class=\"ng-star-inserted\">09. Palm Full of Crux<\/li>\n<li class=\"ng-star-inserted\">10. No Case Gain<\/li>\n<li class=\"ng-star-inserted\">11. Tourmaline<\/li>\n<li class=\"ng-star-inserted\">12. Equus 3<\/li>\n<li class=\"ng-star-inserted\">13. Collapsible Shoulders<\/li>\n<li class=\"ng-star-inserted\">14. The Requisition<\/li>\n<\/ul>\n<\/li>\n<\/ul>\n","protected":false},"excerpt":{"rendered":"<p>Mars Volta<\/p>\n","protected":false},"featured_media":33496,"template":"","meta":[],"product_brand":[],"product_cat":[2325,41],"product_tag":[1928],"class_list":{"0":"post-33495","1":"product","2":"type-product","3":"status-publish","4":"has-post-thumbnail","6":"product_cat-alternative-rock","7":"product_cat-rock-lps","8":"product_tag-clouds-hill","10":"first","11":"instock","12":"shipping-taxable","13":"purchasable","14":"product-type-simple"},"_links":{"self":[{"href":"https:\/\/vinylgrove.nl\/index.php\/wp-json\/wp\/v2\/product\/33495","targetHints":{"allow":["GET"]}}],"collection":[{"href":"https:\/\/vinylgrove.nl\/index.php\/wp-json\/wp\/v2\/product"}],"about":[{"href":"https:\/\/vinylgrove.nl\/index.php\/wp-json\/wp\/v2\/types\/product"}],"wp:featuredmedia":[{"embeddable":true,"href":"https:\/\/vinylgrove.nl\/index.php\/wp-json\/wp\/v2\/media\/33496"}],"wp:attachment":[{"href":"https:\/\/vinylgrove.nl\/index.php\/wp-json\/wp\/v2\/media?parent=33495"}],"wp:term":[{"taxonomy":"product_brand","embeddable":true,"href":"https:\/\/vinylgrove.nl\/index.php\/wp-json\/wp\/v2\/product_brand?post=33495"},{"taxonomy":"product_cat","embeddable":true,"href":"https:\/\/vinylgrove.nl\/index.php\/wp-json\/wp\/v2\/product_cat?post=33495"},{"taxonomy":"product_tag","embeddable":true,"href":"https:\/\/vinylgrove.nl\/index.php\/wp-json\/wp\/v2\/product_tag?post=33495"}],"curies":[{"name":"wp","href":"https:\/\/api.w.org\/{rel}","templated":true}]}}