{"id":35031,"date":"2022-10-13T15:24:22","date_gmt":"2022-10-13T13:24:22","guid":{"rendered":"https:\/\/vinylgrove.nl\/?post_type=product&#038;p=35031"},"modified":"2022-10-13T15:27:18","modified_gmt":"2022-10-13T13:27:18","slug":"riis-bjorn-2","status":"publish","type":"product","link":"https:\/\/vinylgrove.nl\/index.php\/product\/riis-bjorn-2\/","title":{"rendered":"Riis, Bjorn"},"content":{"rendered":"<p>Airbag co-founder, songwriter and lead guitarist, Bj\u00f8rn Riis is ready with a new (2022) studio album titled &#8220;Everything to Everyone&#8221;, his fourth full length solo record. Six epic new songs, clocking in at 50 minutes.<br \/>\nThe album was recorded in Subsonic Society in Oslo, mixed by long-time collaborator Vegard Kleft\u00e5s Sleipnes, and mastered by Jacob Holm-Lupo (White Willow, The Opium Cartel).<br \/>\nIn addition to Bj\u00f8rn Riis on vocals, guitars and a wide variety of instruments, the album features Henrik Bergan Fossum (Airbag), Kristian Hultgren (Wobbler), Simen Valldal Johannessen (Oak), Ole Michael Bj\u00f8rndal (Caligonaut), Mimmi Tamba, Per \u00d8ydir, Vegard Kleft\u00e5s Sleipnes and Anders M\u00f8ller.<\/p>\n","protected":false},"excerpt":{"rendered":"<p>Everything To Everyone<\/p>\n","protected":false},"featured_media":35032,"template":"","meta":[],"product_brand":[],"product_cat":[29],"product_tag":[1526],"class_list":{"0":"post-35031","1":"product","2":"type-product","3":"status-publish","4":"has-post-thumbnail","6":"product_cat-prog","7":"product_tag-karisma","9":"first","10":"instock","11":"shipping-taxable","12":"purchasable","13":"product-type-simple"},"_links":{"self":[{"href":"https:\/\/vinylgrove.nl\/index.php\/wp-json\/wp\/v2\/product\/35031","targetHints":{"allow":["GET"]}}],"collection":[{"href":"https:\/\/vinylgrove.nl\/index.php\/wp-json\/wp\/v2\/product"}],"about":[{"href":"https:\/\/vinylgrove.nl\/index.php\/wp-json\/wp\/v2\/types\/product"}],"wp:featuredmedia":[{"embeddable":true,"href":"https:\/\/vinylgrove.nl\/index.php\/wp-json\/wp\/v2\/media\/35032"}],"wp:attachment":[{"href":"https:\/\/vinylgrove.nl\/index.php\/wp-json\/wp\/v2\/media?parent=35031"}],"wp:term":[{"taxonomy":"product_brand","embeddable":true,"href":"https:\/\/vinylgrove.nl\/index.php\/wp-json\/wp\/v2\/product_brand?post=35031"},{"taxonomy":"product_cat","embeddable":true,"href":"https:\/\/vinylgrove.nl\/index.php\/wp-json\/wp\/v2\/product_cat?post=35031"},{"taxonomy":"product_tag","embeddable":true,"href":"https:\/\/vinylgrove.nl\/index.php\/wp-json\/wp\/v2\/product_tag?post=35031"}],"curies":[{"name":"wp","href":"https:\/\/api.w.org\/{rel}","templated":true}]}}