{"id":36553,"date":"2022-12-18T14:40:56","date_gmt":"2022-12-18T13:40:56","guid":{"rendered":"https:\/\/vinylgrove.nl\/?post_type=product&#038;p=36553"},"modified":"2025-09-18T14:43:07","modified_gmt":"2025-09-18T12:43:07","slug":"various-211","status":"publish","type":"product","link":"https:\/\/vinylgrove.nl\/index.php\/product\/various-211\/","title":{"rendered":"Various"},"content":{"rendered":"<p>Turkish disco pop funk sound compilation album.<\/p>\n<p>Great soul-pop and disco-funk with amazing moog organ, keyboards\/synths, bass, rhythm and wah guitars..<\/p>\n<p>This compilation has the unique sound in Turkish Disco-Funk music with influences of soul, jazz, pop, rock and beats.<\/p>\n<p>Turkish instruments with great disco tunes and great female &amp; male vocals.<\/p>\n<p>Tracklist:<\/p>\n<div class=\"track can_play\"><span class=\"position\">A1<\/span><span class=\"name\">Seyyal Taner &#8211; Kalbimi Affettim<\/span><\/div>\n<div class=\"track can_play\"><span class=\"position\">A2<\/span><span class=\"name\">Sezen Aksu &#8211; Gelen Gideni Arat\u0131r<\/span><\/div>\n<div class=\"track can_play\"><span class=\"position\">A3<\/span><span class=\"name\">G\u00fclden Karab\u00f6cek &#8211; Mehmet Emmi<\/span><\/div>\n<div class=\"track can_play\"><span class=\"position\">A4<\/span><span class=\"name\">Kamuran Akkor &#8211; \u0130kimiz Bir Fidan\u0131z<\/span><\/div>\n<div class=\"track can_play\"><span class=\"position\">A5<\/span><span class=\"name\">\u0130skender Do\u011fan &#8211; Mahizer<\/span><\/div>\n<div class=\"track can_play\"><span class=\"position\">A6<\/span><span class=\"name\">Nurhan Damc\u0131o\u011flu &#8211; Ali Baba<\/span><\/div>\n<div class=\"track can_play\"><span class=\"position\">B1<\/span><span class=\"name\">Ajda Pekkan &#8211; Hepsi Bo\u015f<\/span><\/div>\n<div class=\"track can_play\"><span class=\"position\">B2<\/span><span class=\"name\">\u015eenay &#8211; Dalkavuk<\/span><\/div>\n<div class=\"track can_play\"><span class=\"position\">B3<\/span><span class=\"name\">Selda &#8211; \u0130nce \u0130nce Bir Kar Ya\u011far<\/span><\/div>\n<div class=\"track can_play\"><span class=\"position\">B4<\/span><span class=\"name\">Ersen &#8211; Derman Bulunmaz<\/span><\/div>\n<div class=\"track can_play\"><span class=\"position\">B5<\/span><span class=\"name\">Ne\u015fe Karab\u00f6cek &#8211; Yali Yali<\/span><\/div>\n<div class=\"track last can_play\"><span class=\"position\">B6<\/span><span class=\"name\">Edip Akbayram &#8211; Haberin Varm\u0131<\/span><\/div>\n","protected":false},"excerpt":{"rendered":"<p>Pop Hits 12 Super Aranjmanlar<\/p>\n","protected":false},"featured_media":36554,"template":"","meta":[],"product_brand":[],"product_cat":[2657,713],"product_tag":[2396],"class_list":{"0":"post-36553","1":"product","2":"type-product","3":"status-publish","4":"has-post-thumbnail","6":"product_cat-middle-east-arabic","7":"product_cat-pop","8":"product_tag-turkuola","10":"first","11":"outofstock","12":"shipping-taxable","13":"purchasable","14":"product-type-simple"},"_links":{"self":[{"href":"https:\/\/vinylgrove.nl\/index.php\/wp-json\/wp\/v2\/product\/36553","targetHints":{"allow":["GET"]}}],"collection":[{"href":"https:\/\/vinylgrove.nl\/index.php\/wp-json\/wp\/v2\/product"}],"about":[{"href":"https:\/\/vinylgrove.nl\/index.php\/wp-json\/wp\/v2\/types\/product"}],"wp:featuredmedia":[{"embeddable":true,"href":"https:\/\/vinylgrove.nl\/index.php\/wp-json\/wp\/v2\/media\/36554"}],"wp:attachment":[{"href":"https:\/\/vinylgrove.nl\/index.php\/wp-json\/wp\/v2\/media?parent=36553"}],"wp:term":[{"taxonomy":"product_brand","embeddable":true,"href":"https:\/\/vinylgrove.nl\/index.php\/wp-json\/wp\/v2\/product_brand?post=36553"},{"taxonomy":"product_cat","embeddable":true,"href":"https:\/\/vinylgrove.nl\/index.php\/wp-json\/wp\/v2\/product_cat?post=36553"},{"taxonomy":"product_tag","embeddable":true,"href":"https:\/\/vinylgrove.nl\/index.php\/wp-json\/wp\/v2\/product_tag?post=36553"}],"curies":[{"name":"wp","href":"https:\/\/api.w.org\/{rel}","templated":true}]}}