{"id":37642,"date":"2023-02-05T19:05:40","date_gmt":"2023-02-05T18:05:40","guid":{"rendered":"https:\/\/vinylgrove.nl\/?post_type=product&#038;p=37642"},"modified":"2023-11-10T16:35:06","modified_gmt":"2023-11-10T15:35:06","slug":"jorge-ben","status":"publish","type":"product","link":"https:\/\/vinylgrove.nl\/index.php\/product\/jorge-ben\/","title":{"rendered":"Jorge, Ben"},"content":{"rendered":"<p>Release: 25-02-2022<\/p>\n<p>Tracklist:<\/p>\n<ul class=\"ng-star-inserted\">\n<li class=\"ng-star-inserted\">A1 O Dia Que O Sol Declarou O Seu Amor Pela Terra 3:44<\/li>\n<li class=\"ng-star-inserted\">A2 Santa Clara Clareou 3:22<\/li>\n<li class=\"ng-star-inserted\">A3 O\u00e9 O\u00e9 (Faz O Carro De Boi Na Estrada) 3:06<\/li>\n<li class=\"ng-star-inserted\">A4 Era Uma Vez Um Aposentado Marinheiro 3:30<\/li>\n<li class=\"ng-star-inserted\">A5 Lorraine 3:34<\/li>\n<li class=\"ng-star-inserted\">B1 Curumin Chama Cunh\u00e3t\u00e3 Que Eu Vou Contar (Todo Dia Era Dia De \u00cdndio) 3:49<\/li>\n<li class=\"ng-star-inserted\">B2 Katarina, Katarina 3:55<\/li>\n<li class=\"ng-star-inserted\">B3 Ela Mora Em Matogrosso Fronteira Com O Paraguai 3:17<\/li>\n<li class=\"ng-star-inserted\">B4 Para Que Digladiar 3:34<\/li>\n<li class=\"ng-star-inserted\">B5 Luiz Wagner Guitarreiro 3:25<\/li>\n<\/ul>\n","protected":false},"excerpt":{"rendered":"<p>Bem-vinda Amizade<\/p>\n","protected":false},"featured_media":37643,"template":"","meta":[],"product_brand":[],"product_cat":[2556],"product_tag":[757],"class_list":{"0":"post-37642","1":"product","2":"type-product","3":"status-publish","4":"has-post-thumbnail","6":"product_cat-south-america","7":"product_tag-vampisoul","9":"first","10":"instock","11":"shipping-taxable","12":"purchasable","13":"product-type-simple"},"_links":{"self":[{"href":"https:\/\/vinylgrove.nl\/index.php\/wp-json\/wp\/v2\/product\/37642","targetHints":{"allow":["GET"]}}],"collection":[{"href":"https:\/\/vinylgrove.nl\/index.php\/wp-json\/wp\/v2\/product"}],"about":[{"href":"https:\/\/vinylgrove.nl\/index.php\/wp-json\/wp\/v2\/types\/product"}],"wp:featuredmedia":[{"embeddable":true,"href":"https:\/\/vinylgrove.nl\/index.php\/wp-json\/wp\/v2\/media\/37643"}],"wp:attachment":[{"href":"https:\/\/vinylgrove.nl\/index.php\/wp-json\/wp\/v2\/media?parent=37642"}],"wp:term":[{"taxonomy":"product_brand","embeddable":true,"href":"https:\/\/vinylgrove.nl\/index.php\/wp-json\/wp\/v2\/product_brand?post=37642"},{"taxonomy":"product_cat","embeddable":true,"href":"https:\/\/vinylgrove.nl\/index.php\/wp-json\/wp\/v2\/product_cat?post=37642"},{"taxonomy":"product_tag","embeddable":true,"href":"https:\/\/vinylgrove.nl\/index.php\/wp-json\/wp\/v2\/product_tag?post=37642"}],"curies":[{"name":"wp","href":"https:\/\/api.w.org\/{rel}","templated":true}]}}