{"id":37648,"date":"2023-02-05T20:38:39","date_gmt":"2023-02-05T19:38:39","guid":{"rendered":"https:\/\/vinylgrove.nl\/?post_type=product&#038;p=37648"},"modified":"2025-10-23T17:51:48","modified_gmt":"2025-10-23T15:51:48","slug":"combo-los-yogas","status":"publish","type":"product","link":"https:\/\/vinylgrove.nl\/index.php\/product\/combo-los-yogas\/","title":{"rendered":"Combo Los Yogas"},"content":{"rendered":"<p>Release: 16-03-2017<\/p>\n<p>Combo Los Yogas was a short-lived early Colombian salsa band from Medell\u00edn directed and arranged by An\u00edbal Jos\u00e9 Angel Echeverri, the famous antioque\u00f1o keyboardist known as An\u00edbal Angel or simply An\u00e1n.<\/p>\n<p>Employing Barranquilla native Johnny Mor\u00e9 as his lead vocalist and a full combo with trumpet, trombone, congas and timbales, Los Yogas recorded a fantastic collection of cover tunes in the guaguanc\u00f3, son, guajira, descarga, and cha-cha-ch\u00e1 rhythms.<\/p>\n<p>The sound is very raw and hard, something that makes this obscure 1968 Discos Fuentes record a sought-after collector&#8217;s item.<\/p>\n<p>Thanks to the inherent quality and execution of its repertoire, &#8220;Ca\u00f1abrava&#8221; provides a wonderful snapshot of the influences and early development of the genre of salsa in 1960s Colombia.<\/p>\n<p>Tracklist:<\/p>\n<ul id=\"tracks\" class=\"tracks tracklisting\">\n<li class=\"track\">\n<div class=\"tracklist_line\"><span class=\"tracklist_num\">A1 <\/span><span class=\"tracklist_title\"><span class=\"rendered_text\">Que no muera el son<\/span><\/span><\/p>\n<div><\/div>\n<\/div>\n<\/li>\n<li class=\"track\">\n<div class=\"tracklist_line\"><span class=\"tracklist_num\">A2 <\/span><span class=\"tracklist_title\"><span class=\"rendered_text\">Coco May May<\/span><\/span><\/p>\n<div><\/div>\n<\/div>\n<\/li>\n<li class=\"track\">\n<div class=\"tracklist_line\"><span class=\"tracklist_num\">A3 <\/span><span class=\"tracklist_title\"><span class=\"rendered_text\">Montuno pa&#8217; carida<\/span><\/span><\/p>\n<div><\/div>\n<\/div>\n<\/li>\n<li class=\"track\">\n<div class=\"tracklist_line\"><span class=\"tracklist_num\">A4 <\/span><span class=\"tracklist_title\"><span class=\"rendered_text\">Aqui y alla<\/span><\/span><\/p>\n<div><\/div>\n<\/div>\n<\/li>\n<li class=\"track\">\n<div class=\"tracklist_line\"><span class=\"tracklist_num\">A5 <\/span><span class=\"tracklist_title\"><span class=\"rendered_text\">Caramelo a kilo<\/span><\/span><\/p>\n<div><\/div>\n<\/div>\n<\/li>\n<li class=\"track\">\n<div class=\"tracklist_line\"><span class=\"tracklist_num\">B1 <\/span><span class=\"tracklist_title\"><span class=\"rendered_text\">Ca\u00f1abrava<\/span><\/span><\/p>\n<div><\/div>\n<\/div>\n<\/li>\n<li class=\"track\">\n<div class=\"tracklist_line\"><span class=\"tracklist_num\">B2 <\/span><span class=\"tracklist_title\"><span class=\"rendered_text\">Bajandote<\/span><\/span><\/p>\n<div><\/div>\n<\/div>\n<\/li>\n<li class=\"track\">\n<div class=\"tracklist_line\"><span class=\"tracklist_num\">B3 <\/span><span class=\"tracklist_title\"><span class=\"rendered_text\">Aprietala en el rincon<\/span><\/span><\/p>\n<div><\/div>\n<\/div>\n<\/li>\n<li class=\"track\">\n<div class=\"tracklist_line\"><span class=\"tracklist_num\">B4 <\/span><span class=\"tracklist_title\"><span class=\"rendered_text\">Oye mira<\/span><\/span><\/div>\n<\/li>\n<\/ul>\n","protected":false},"excerpt":{"rendered":"<p>Canabrava<\/p>\n","protected":false},"featured_media":37649,"template":"","meta":[],"product_brand":[],"product_cat":[2556],"product_tag":[757],"class_list":{"0":"post-37648","1":"product","2":"type-product","3":"status-publish","4":"has-post-thumbnail","6":"product_cat-south-america","7":"product_tag-vampisoul","9":"first","10":"onbackorder","11":"shipping-taxable","12":"purchasable","13":"product-type-simple"},"_links":{"self":[{"href":"https:\/\/vinylgrove.nl\/index.php\/wp-json\/wp\/v2\/product\/37648","targetHints":{"allow":["GET"]}}],"collection":[{"href":"https:\/\/vinylgrove.nl\/index.php\/wp-json\/wp\/v2\/product"}],"about":[{"href":"https:\/\/vinylgrove.nl\/index.php\/wp-json\/wp\/v2\/types\/product"}],"wp:featuredmedia":[{"embeddable":true,"href":"https:\/\/vinylgrove.nl\/index.php\/wp-json\/wp\/v2\/media\/37649"}],"wp:attachment":[{"href":"https:\/\/vinylgrove.nl\/index.php\/wp-json\/wp\/v2\/media?parent=37648"}],"wp:term":[{"taxonomy":"product_brand","embeddable":true,"href":"https:\/\/vinylgrove.nl\/index.php\/wp-json\/wp\/v2\/product_brand?post=37648"},{"taxonomy":"product_cat","embeddable":true,"href":"https:\/\/vinylgrove.nl\/index.php\/wp-json\/wp\/v2\/product_cat?post=37648"},{"taxonomy":"product_tag","embeddable":true,"href":"https:\/\/vinylgrove.nl\/index.php\/wp-json\/wp\/v2\/product_tag?post=37648"}],"curies":[{"name":"wp","href":"https:\/\/api.w.org\/{rel}","templated":true}]}}