{"id":38214,"date":"2023-03-24T16:39:14","date_gmt":"2023-03-24T15:39:14","guid":{"rendered":"https:\/\/vinylgrove.nl\/?post_type=product&#038;p=38214"},"modified":"2026-02-08T14:14:49","modified_gmt":"2026-02-08T13:14:49","slug":"von-hausswolff-anna-4","status":"publish","type":"product","link":"https:\/\/vinylgrove.nl\/index.php\/product\/von-hausswolff-anna-4\/","title":{"rendered":"Von Hausswolff, Anna"},"content":{"rendered":"<p>Re-issue: 04-11-2022<\/p>\n<p>Tracklist:<\/p>\n<ul class=\"ng-star-inserted\">\n<li class=\"ng-star-inserted\">1 The Truth, The Glow, The Fall 12:07<\/li>\n<li class=\"ng-star-inserted\">2 The Mysterious Vanishing of Electra 6:09<\/li>\n<li class=\"ng-star-inserted\">3 The Marble Eye 5:19<\/li>\n<li class=\"ng-star-inserted\">4 Ugly and Vengeful 16:17<\/li>\n<li class=\"ng-star-inserted\">5 K\u00e4llans \u00c5teruppst\u00e5ndelse 7:26<\/li>\n<\/ul>\n","protected":false},"excerpt":{"rendered":"<p>Dead Magic (cld)<\/p>\n","protected":false},"featured_media":38215,"template":"","meta":[],"product_brand":[],"product_cat":[2325,142],"product_tag":[1002],"class_list":{"0":"post-38214","1":"product","2":"type-product","3":"status-publish","4":"has-post-thumbnail","6":"product_cat-alternative-rock","7":"product_cat-electronic","8":"product_tag-city-slang","10":"first","11":"onbackorder","12":"shipping-taxable","13":"purchasable","14":"product-type-simple"},"_links":{"self":[{"href":"https:\/\/vinylgrove.nl\/index.php\/wp-json\/wp\/v2\/product\/38214","targetHints":{"allow":["GET"]}}],"collection":[{"href":"https:\/\/vinylgrove.nl\/index.php\/wp-json\/wp\/v2\/product"}],"about":[{"href":"https:\/\/vinylgrove.nl\/index.php\/wp-json\/wp\/v2\/types\/product"}],"wp:featuredmedia":[{"embeddable":true,"href":"https:\/\/vinylgrove.nl\/index.php\/wp-json\/wp\/v2\/media\/38215"}],"wp:attachment":[{"href":"https:\/\/vinylgrove.nl\/index.php\/wp-json\/wp\/v2\/media?parent=38214"}],"wp:term":[{"taxonomy":"product_brand","embeddable":true,"href":"https:\/\/vinylgrove.nl\/index.php\/wp-json\/wp\/v2\/product_brand?post=38214"},{"taxonomy":"product_cat","embeddable":true,"href":"https:\/\/vinylgrove.nl\/index.php\/wp-json\/wp\/v2\/product_cat?post=38214"},{"taxonomy":"product_tag","embeddable":true,"href":"https:\/\/vinylgrove.nl\/index.php\/wp-json\/wp\/v2\/product_tag?post=38214"}],"curies":[{"name":"wp","href":"https:\/\/api.w.org\/{rel}","templated":true}]}}