{"id":38829,"date":"2023-04-19T12:55:57","date_gmt":"2023-04-19T10:55:57","guid":{"rendered":"https:\/\/vinylgrove.nl\/?post_type=product&#038;p=38829"},"modified":"2023-06-14T21:29:17","modified_gmt":"2023-06-14T19:29:17","slug":"stoner-4","status":"publish","type":"product","link":"https:\/\/vinylgrove.nl\/index.php\/product\/stoner-4\/","title":{"rendered":"St\u00f6ner"},"content":{"rendered":"<p>Release: 24-02-2023<\/p>\n<p>\u201cDuring the recording of TOTALLY, we were having a blast and the music just kept rollin\u2019 out so we decided to also put together a tasty EP. Guests Mario Lalli on ST\u00d6NER Theme and Greg Hetson of Circle Jerks and Bad Religion on our version of the Motorhead\/Pink Fairies classic City Kids makes this EP extra sweet. Jump in and let\u2019s BOOGIE TO BAJA!<\/p>\n<p>St\u00f6ner areth: Brant Bjork, Ryan G\u00fct and Nick Oliveri<\/p>\n<p>Thou shallt f\u00efnd them in the F\u00fc Manch\u00fc bin<\/p>\n<p>Tracklist:<\/p>\n<ul class=\"ng-star-inserted\">\n<li class=\"ng-star-inserted\">A1 St\u00f6ner Theme (Baja Version)<\/li>\n<li class=\"ng-star-inserted\">A2 City Kids<\/li>\n<li class=\"ng-star-inserted\">A3 Night Tripper vs No Brainer<\/li>\n<li class=\"ng-star-inserted\">B1 It Ain&#8217;t Free<\/li>\n<li class=\"ng-star-inserted\">B2 Boogie To Baja<\/li>\n<\/ul>\n","protected":false},"excerpt":{"rendered":"<p>Boogie To Baja (blk)<\/p>\n","protected":false},"featured_media":38830,"template":"","meta":[],"product_brand":[],"product_cat":[28,2326],"product_tag":[1990],"class_list":{"0":"post-38829","1":"product","2":"type-product","3":"status-publish","4":"has-post-thumbnail","6":"product_cat-metal-hardrock","7":"product_cat-stoner","8":"product_tag-heavy-psych-sounds","10":"first","11":"instock","12":"shipping-taxable","13":"purchasable","14":"product-type-simple"},"_links":{"self":[{"href":"https:\/\/vinylgrove.nl\/index.php\/wp-json\/wp\/v2\/product\/38829","targetHints":{"allow":["GET"]}}],"collection":[{"href":"https:\/\/vinylgrove.nl\/index.php\/wp-json\/wp\/v2\/product"}],"about":[{"href":"https:\/\/vinylgrove.nl\/index.php\/wp-json\/wp\/v2\/types\/product"}],"wp:featuredmedia":[{"embeddable":true,"href":"https:\/\/vinylgrove.nl\/index.php\/wp-json\/wp\/v2\/media\/38830"}],"wp:attachment":[{"href":"https:\/\/vinylgrove.nl\/index.php\/wp-json\/wp\/v2\/media?parent=38829"}],"wp:term":[{"taxonomy":"product_brand","embeddable":true,"href":"https:\/\/vinylgrove.nl\/index.php\/wp-json\/wp\/v2\/product_brand?post=38829"},{"taxonomy":"product_cat","embeddable":true,"href":"https:\/\/vinylgrove.nl\/index.php\/wp-json\/wp\/v2\/product_cat?post=38829"},{"taxonomy":"product_tag","embeddable":true,"href":"https:\/\/vinylgrove.nl\/index.php\/wp-json\/wp\/v2\/product_tag?post=38829"}],"curies":[{"name":"wp","href":"https:\/\/api.w.org\/{rel}","templated":true}]}}