{"id":38978,"date":"2023-04-26T15:23:25","date_gmt":"2023-04-26T13:23:25","guid":{"rendered":"https:\/\/vinylgrove.nl\/?post_type=product&#038;p=38978"},"modified":"2023-04-26T15:23:46","modified_gmt":"2023-04-26T13:23:46","slug":"enslaved-12","status":"publish","type":"product","link":"https:\/\/vinylgrove.nl\/index.php\/product\/enslaved-12\/","title":{"rendered":"Enslaved"},"content":{"rendered":"<p>Release: 19-05-2017<\/p>\n<p>After celebrating 25 years in 2016 showcasing a majority of older material, \u00ab Roadburn Live \u00bb displays songs mainly from the \u00ab newer \u00bb and more progressive part of Enslaved\u2019s career, with songs from \u201cIn Times\u201d, \u201cRiitiir\u201d, \u201cIsa\u201d, \u201cBelow the Lights\u201d and \u201cMonumension\u201d. The album features the guest appearances of E. Selvik (Wardruna), A\u00f0albj\u00f6rn Tryggvason (S\u00f3lstafir), Per Wiberg (Opeth, Candlemass); and Menno Gootjes (Focus) on \u00ab Immigrant Song \u00bb, the first cover song by Enslaved to ever appear on a record.<\/p>\n<p>Grutle Kjellson comments on the album: &#8220;I&#8217;m generally not a huge fan of live albums, I like to be present at a show, to grasp the energy of the band and to witness the, sometimes, magical symbiosis that occurs between the band and the audience. I am, however, a huge fan of the Roadburn Festival! I consider this to be my all time favorite, both as a musician and as a guest. Therefore; if ever Enslaved were to release a live album, it had to be from a Roadburn show! I hope you will enjoy this piece of wax as much as we had recording it!&#8221;<\/p>\n<p>Tracklist:<\/p>\n<p>01. Building With Fire &#8211; 08:09<br \/>\n02. Death in the Eyes of Dawn &#8211; 08:00<br \/>\n03. In Times &#8211; 10:44<br \/>\n04. Daylight &#8211; 09:44<br \/>\n05. Convoys to Nothingness &#8211; 09:05<br \/>\n06. As Fire Swept Clean the Earth &#8211; 07:14<br \/>\n07. Isa &#8211; 04:46<br \/>\n08. Immigrant Song &#8211; 06:57<\/p>\n","protected":false},"excerpt":{"rendered":"<p>Roadburn Live (2LP\/Gatefold\/blk)<\/p>\n","protected":false},"featured_media":38979,"template":"","meta":[],"product_brand":[],"product_cat":[2326],"product_tag":[2447],"class_list":{"0":"post-38978","1":"product","2":"type-product","3":"status-publish","4":"has-post-thumbnail","6":"product_cat-stoner","7":"product_tag-roadburn","9":"first","10":"instock","11":"shipping-taxable","12":"purchasable","13":"product-type-simple"},"_links":{"self":[{"href":"https:\/\/vinylgrove.nl\/index.php\/wp-json\/wp\/v2\/product\/38978","targetHints":{"allow":["GET"]}}],"collection":[{"href":"https:\/\/vinylgrove.nl\/index.php\/wp-json\/wp\/v2\/product"}],"about":[{"href":"https:\/\/vinylgrove.nl\/index.php\/wp-json\/wp\/v2\/types\/product"}],"wp:featuredmedia":[{"embeddable":true,"href":"https:\/\/vinylgrove.nl\/index.php\/wp-json\/wp\/v2\/media\/38979"}],"wp:attachment":[{"href":"https:\/\/vinylgrove.nl\/index.php\/wp-json\/wp\/v2\/media?parent=38978"}],"wp:term":[{"taxonomy":"product_brand","embeddable":true,"href":"https:\/\/vinylgrove.nl\/index.php\/wp-json\/wp\/v2\/product_brand?post=38978"},{"taxonomy":"product_cat","embeddable":true,"href":"https:\/\/vinylgrove.nl\/index.php\/wp-json\/wp\/v2\/product_cat?post=38978"},{"taxonomy":"product_tag","embeddable":true,"href":"https:\/\/vinylgrove.nl\/index.php\/wp-json\/wp\/v2\/product_tag?post=38978"}],"curies":[{"name":"wp","href":"https:\/\/api.w.org\/{rel}","templated":true}]}}