{"id":43033,"date":"2023-12-05T14:22:13","date_gmt":"2023-12-05T13:22:13","guid":{"rendered":"https:\/\/vinylgrove.nl\/?post_type=product&#038;p=43033"},"modified":"2025-09-18T14:20:37","modified_gmt":"2025-09-18T12:20:37","slug":"fruko-y-sus-tesos","status":"publish","type":"product","link":"https:\/\/vinylgrove.nl\/index.php\/product\/fruko-y-sus-tesos\/","title":{"rendered":"Fruko Y Sus Tesos"},"content":{"rendered":"<p>Re: 29-09-2023<\/p>\n<p>Tracklist:<\/p>\n<ul class=\"ng-star-inserted\">\n<li class=\"ng-star-inserted\">A1 Tronco Seco<\/li>\n<li class=\"ng-star-inserted\">A2 El Violento<\/li>\n<li class=\"ng-star-inserted\">A3 Nadando<\/li>\n<li class=\"ng-star-inserted\">A4 La Nueva Bamba<\/li>\n<li class=\"ng-star-inserted\">A5 T\u00fa, S\u00f3lo T\u00fa<\/li>\n<li class=\"ng-star-inserted\">B1 Salsa Na&#8217;Ma&#8217;<\/li>\n<li class=\"ng-star-inserted\">B2 Alma Navide\u00f1a<\/li>\n<li class=\"ng-star-inserted\">B3 Lamento Cubano<\/li>\n<\/ul>\n","protected":false},"excerpt":{"rendered":"<p>El Violento<\/p>\n","protected":false},"featured_media":43034,"template":"","meta":[],"product_brand":[],"product_cat":[2760,2781],"product_tag":[757],"class_list":{"0":"post-43033","1":"product","2":"type-product","3":"status-publish","4":"has-post-thumbnail","6":"product_cat-bertus-labels","7":"product_cat-latinsalsasambabachata","8":"product_tag-vampisoul","10":"first","11":"outofstock","12":"shipping-taxable","13":"purchasable","14":"product-type-simple"},"_links":{"self":[{"href":"https:\/\/vinylgrove.nl\/index.php\/wp-json\/wp\/v2\/product\/43033","targetHints":{"allow":["GET"]}}],"collection":[{"href":"https:\/\/vinylgrove.nl\/index.php\/wp-json\/wp\/v2\/product"}],"about":[{"href":"https:\/\/vinylgrove.nl\/index.php\/wp-json\/wp\/v2\/types\/product"}],"wp:featuredmedia":[{"embeddable":true,"href":"https:\/\/vinylgrove.nl\/index.php\/wp-json\/wp\/v2\/media\/43034"}],"wp:attachment":[{"href":"https:\/\/vinylgrove.nl\/index.php\/wp-json\/wp\/v2\/media?parent=43033"}],"wp:term":[{"taxonomy":"product_brand","embeddable":true,"href":"https:\/\/vinylgrove.nl\/index.php\/wp-json\/wp\/v2\/product_brand?post=43033"},{"taxonomy":"product_cat","embeddable":true,"href":"https:\/\/vinylgrove.nl\/index.php\/wp-json\/wp\/v2\/product_cat?post=43033"},{"taxonomy":"product_tag","embeddable":true,"href":"https:\/\/vinylgrove.nl\/index.php\/wp-json\/wp\/v2\/product_tag?post=43033"}],"curies":[{"name":"wp","href":"https:\/\/api.w.org\/{rel}","templated":true}]}}