{"id":44655,"date":"2024-02-20T14:41:00","date_gmt":"2024-02-20T13:41:00","guid":{"rendered":"https:\/\/vinylgrove.nl\/?post_type=product&#038;p=44655"},"modified":"2024-08-09T14:26:36","modified_gmt":"2024-08-09T12:26:36","slug":"angelus-apratida","status":"publish","type":"product","link":"https:\/\/vinylgrove.nl\/index.php\/product\/angelus-apratida\/","title":{"rendered":"Angelus Apratida"},"content":{"rendered":"<p>Release: 20-10-2023<\/p>\n<p>Spain\u2019s leading Thrash Metal band ANGELUS APATRIDA return with their 8th studio album, \u201cAftermath\u201d. Undoubtedly the most heartfelt and powerful record in ANGELUS APATRIDA\u2019s illustrious history, but it\u2019s also one of the heaviest and most direct. It succeeds 2021\u2019s self-titled album, which conquered the top the official album charts in Spain at # 1 and marked the band\u2019s first ever chart entries in Germany at # 49 as well as in Switzerland at # 41. \u201cAftermath\u201d contains 10 intense and versatile new songs mixed and mastered by Zeuss (Rob Zombie, Overkill, Hatebreed) and comes with artwork by Gyula Havancs\u00e1k (Annihilator, Destruction, Stratovarius). It features guest appearances by Jamey Jasta (Hatebreed, vocals), Pablo Garc\u00eda (Warcry, guitars), Todd La Torre (Queensr\u00ffche, vocals) as well as Spanish Rap Star Sho-Hai .<\/p>\n<p>Tracklist:<\/p>\n<ul>\n<li class=\"ng-star-inserted\">01. Scavenger<\/li>\n<li class=\"ng-star-inserted\">02. Cold<\/li>\n<li class=\"ng-star-inserted\">03. Snob (Feat. Jamey Jasta)<\/li>\n<li class=\"ng-star-inserted\">04. Fire Eyes (Feat. Pablo Garcia)<\/li>\n<li class=\"ng-star-inserted\">05. Rats<\/li>\n<li class=\"ng-star-inserted\">06. To Whom It May Concern<\/li>\n<li class=\"ng-star-inserted\">07. Gernika<\/li>\n<li class=\"ng-star-inserted\">08. I Am Hatred<\/li>\n<li class=\"ng-star-inserted\">09. What Kills Us All (Feat. Sho-Hai)<\/li>\n<li class=\"ng-star-inserted\">10. Vultures and Butterflies (Feat. Todd La Torre)<\/li>\n<\/ul>\n<p>&nbsp;<\/p>\n","protected":false},"excerpt":{"rendered":"<p>Aftermath<\/p>\n","protected":false},"featured_media":44656,"template":"","meta":[],"product_brand":[],"product_cat":[2327,2475],"product_tag":[1041],"class_list":{"0":"post-44655","1":"product","2":"type-product","3":"status-publish","4":"has-post-thumbnail","6":"product_cat-black-death-extreme","7":"product_cat-on-backorder","8":"product_tag-century-media","10":"first","11":"instock","12":"shipping-taxable","13":"purchasable","14":"product-type-simple"},"_links":{"self":[{"href":"https:\/\/vinylgrove.nl\/index.php\/wp-json\/wp\/v2\/product\/44655","targetHints":{"allow":["GET"]}}],"collection":[{"href":"https:\/\/vinylgrove.nl\/index.php\/wp-json\/wp\/v2\/product"}],"about":[{"href":"https:\/\/vinylgrove.nl\/index.php\/wp-json\/wp\/v2\/types\/product"}],"wp:featuredmedia":[{"embeddable":true,"href":"https:\/\/vinylgrove.nl\/index.php\/wp-json\/wp\/v2\/media\/44656"}],"wp:attachment":[{"href":"https:\/\/vinylgrove.nl\/index.php\/wp-json\/wp\/v2\/media?parent=44655"}],"wp:term":[{"taxonomy":"product_brand","embeddable":true,"href":"https:\/\/vinylgrove.nl\/index.php\/wp-json\/wp\/v2\/product_brand?post=44655"},{"taxonomy":"product_cat","embeddable":true,"href":"https:\/\/vinylgrove.nl\/index.php\/wp-json\/wp\/v2\/product_cat?post=44655"},{"taxonomy":"product_tag","embeddable":true,"href":"https:\/\/vinylgrove.nl\/index.php\/wp-json\/wp\/v2\/product_tag?post=44655"}],"curies":[{"name":"wp","href":"https:\/\/api.w.org\/{rel}","templated":true}]}}