{"id":44958,"date":"2024-03-02T10:56:37","date_gmt":"2024-03-02T09:56:37","guid":{"rendered":"https:\/\/vinylgrove.nl\/?post_type=product&#038;p=44958"},"modified":"2025-09-18T14:13:06","modified_gmt":"2025-09-18T12:13:06","slug":"rockmore-clara-2","status":"publish","type":"product","link":"https:\/\/vinylgrove.nl\/index.php\/product\/rockmore-clara-2\/","title":{"rendered":"Rockmore, Clara"},"content":{"rendered":"<p>Re: 07-01-2022 (C 1977)<\/p>\n<p>Official reissue of the 1977 album of Clara Rockmore&#8217;s stunning theremin performances of various classical compositions, accompanied by her sister Nadia Reisenberg on piano. Includes gorgeous interpretations of pieces by Rachmaninoff, Tchaikovsky, Stravinsky, Ravel and more. An all time classic classical album, finally back in print.<\/p>\n<p>Rockmore was a violin child prodigy with training at the Imperial Conservatory in St. Petersberg. A refugee of the Russian Revolution, she arrived in New York with her family in 1921, and soon after met Professor Lev Sergeyevich Termen, inventor of the remarkable theremin, one of the first electronic instruments in existence. Rockmore stunned crowds by playing music both highly technical\u00a0and emotionally intense, all without ever touching her instrument. Her work represented the cutting edge of electronic music, inspiring a generation of innovators (including Bob Moog, who co-produced this record). On her custom built theremin, Rockmore channeled deep human emotion through an electronic device for the first time.\u00a0160 gram vinyl comes in old school tip-on jacket and includes a reproduction of the original Delos gatefold artwork as a double sided 12&#215;24 poster. Carefully remastered by Timothy Stollenwerk. Licensed\u00a0from Delos International and the Nadia Reisenberg\/Clara Rockmore Foundation.<\/p>\n<div class=\"aec-section-header\">\n<h4 class=\"aec-desc-label\">Tracklist:<\/h4>\n<\/div>\n<div id=\"mt-1\" class=\"ui-tabs-panel ui-corner-bottom ui-widget-content\" role=\"tabpanel\" aria-labelledby=\"MusicTracks\" aria-hidden=\"false\">\n<div id=\"aec-jukebox\" class=\"tracksonly\">\n<div class=\"jp-playlist tracksonly\">\n<ul>\n<li><span class=\"aec-tracknum\">01<\/span>\u00a0Vocalise<\/li>\n<li><span class=\"aec-tracknum\">02<\/span>\u00a0Song of Grusia<\/li>\n<li><span class=\"aec-tracknum\">03<\/span>\u00a0The Swan<\/li>\n<li><span class=\"aec-tracknum\">04<\/span>\u00a0Pantomime<\/li>\n<li><span class=\"aec-tracknum\">05<\/span>\u00a0Hebrew Melody<\/li>\n<li><span class=\"aec-tracknum\">06<\/span>\u00a0Romance<\/li>\n<li><span class=\"aec-tracknum\">07<\/span>\u00a0Berceuse<\/li>\n<li><span class=\"aec-tracknum\">08<\/span>\u00a0Habanera<\/li>\n<li><span class=\"aec-tracknum\">09<\/span>\u00a0Berceuse<\/li>\n<li><span class=\"aec-tracknum\">10<\/span>\u00a0Valse Sentimentale<\/li>\n<li><span class=\"aec-tracknum\">11<\/span>\u00a0S\u00e9r\u00e9nade M\u00e9lancolique<\/li>\n<li><span class=\"aec-tracknum\">12<\/span>\u00a0Chant Du M\u00e9nestrel<\/li>\n<\/ul>\n<\/div>\n<\/div>\n<\/div>\n","protected":false},"excerpt":{"rendered":"<p>Lost Theremin Album<\/p>\n","protected":false},"featured_media":45036,"template":"","meta":[],"product_brand":[],"product_cat":[716],"product_tag":[1909],"class_list":{"0":"post-44958","1":"product","2":"type-product","3":"status-publish","4":"has-post-thumbnail","6":"product_cat-classical","7":"product_tag-mississippirecords","9":"first","10":"outofstock","11":"shipping-taxable","12":"purchasable","13":"product-type-simple"},"_links":{"self":[{"href":"https:\/\/vinylgrove.nl\/index.php\/wp-json\/wp\/v2\/product\/44958","targetHints":{"allow":["GET"]}}],"collection":[{"href":"https:\/\/vinylgrove.nl\/index.php\/wp-json\/wp\/v2\/product"}],"about":[{"href":"https:\/\/vinylgrove.nl\/index.php\/wp-json\/wp\/v2\/types\/product"}],"wp:featuredmedia":[{"embeddable":true,"href":"https:\/\/vinylgrove.nl\/index.php\/wp-json\/wp\/v2\/media\/45036"}],"wp:attachment":[{"href":"https:\/\/vinylgrove.nl\/index.php\/wp-json\/wp\/v2\/media?parent=44958"}],"wp:term":[{"taxonomy":"product_brand","embeddable":true,"href":"https:\/\/vinylgrove.nl\/index.php\/wp-json\/wp\/v2\/product_brand?post=44958"},{"taxonomy":"product_cat","embeddable":true,"href":"https:\/\/vinylgrove.nl\/index.php\/wp-json\/wp\/v2\/product_cat?post=44958"},{"taxonomy":"product_tag","embeddable":true,"href":"https:\/\/vinylgrove.nl\/index.php\/wp-json\/wp\/v2\/product_tag?post=44958"}],"curies":[{"name":"wp","href":"https:\/\/api.w.org\/{rel}","templated":true}]}}