{"id":45226,"date":"2024-03-07T20:42:52","date_gmt":"2024-03-07T19:42:52","guid":{"rendered":"https:\/\/vinylgrove.nl\/?post_type=product&#038;p=45226"},"modified":"2025-09-18T14:12:33","modified_gmt":"2025-09-18T12:12:33","slug":"jorge-ben-his-trio","status":"publish","type":"product","link":"https:\/\/vinylgrove.nl\/index.php\/product\/jorge-ben-his-trio\/","title":{"rendered":"Jorge, Ben &#038; His Trio"},"content":{"rendered":"<p>Release: 07-06-2018<\/p>\n<p>Tracklist:<\/p>\n<ul class=\"ng-star-inserted\">\n<li class=\"ng-star-inserted\">A1 Amor De Carnaval<\/li>\n<li class=\"ng-star-inserted\">A2 Nascimento De Um Principe Africano<\/li>\n<li class=\"ng-star-inserted\">A3 Jovem Samba<\/li>\n<li class=\"ng-star-inserted\">A4 Rosa Mas Que Nada<\/li>\n<li class=\"ng-star-inserted\">A5 Can\u00e7\u00e3o De Uma F\u00e3<\/li>\n<li class=\"ng-star-inserted\">A6 Menina Gata Augusta<\/li>\n<li class=\"ng-star-inserted\">B1 Toda Colorida<\/li>\n<li class=\"ng-star-inserted\">B2 Frases<\/li>\n<li class=\"ng-star-inserted\">B3 Quanto Mais Te Vejo<\/li>\n<li class=\"ng-star-inserted\">B4 Vou Andando<\/li>\n<li class=\"ng-star-inserted\">B5 Eu Sou Da Pesada<\/li>\n<li class=\"ng-star-inserted\">B6 Si Manda<\/li>\n<\/ul>\n","protected":false},"excerpt":{"rendered":"<p>Amor De Carnaval<\/p>\n","protected":false},"featured_media":45227,"template":"","meta":[],"product_brand":[],"product_cat":[2781],"product_tag":[1421],"class_list":{"0":"post-45226","1":"product","2":"type-product","3":"status-publish","4":"has-post-thumbnail","6":"product_cat-latinsalsasambabachata","7":"product_tag-vinyl-lovers","9":"first","10":"outofstock","11":"shipping-taxable","12":"purchasable","13":"product-type-simple"},"_links":{"self":[{"href":"https:\/\/vinylgrove.nl\/index.php\/wp-json\/wp\/v2\/product\/45226","targetHints":{"allow":["GET"]}}],"collection":[{"href":"https:\/\/vinylgrove.nl\/index.php\/wp-json\/wp\/v2\/product"}],"about":[{"href":"https:\/\/vinylgrove.nl\/index.php\/wp-json\/wp\/v2\/types\/product"}],"wp:featuredmedia":[{"embeddable":true,"href":"https:\/\/vinylgrove.nl\/index.php\/wp-json\/wp\/v2\/media\/45227"}],"wp:attachment":[{"href":"https:\/\/vinylgrove.nl\/index.php\/wp-json\/wp\/v2\/media?parent=45226"}],"wp:term":[{"taxonomy":"product_brand","embeddable":true,"href":"https:\/\/vinylgrove.nl\/index.php\/wp-json\/wp\/v2\/product_brand?post=45226"},{"taxonomy":"product_cat","embeddable":true,"href":"https:\/\/vinylgrove.nl\/index.php\/wp-json\/wp\/v2\/product_cat?post=45226"},{"taxonomy":"product_tag","embeddable":true,"href":"https:\/\/vinylgrove.nl\/index.php\/wp-json\/wp\/v2\/product_tag?post=45226"}],"curies":[{"name":"wp","href":"https:\/\/api.w.org\/{rel}","templated":true}]}}