{"id":45678,"date":"2024-03-28T20:57:46","date_gmt":"2024-03-28T19:57:46","guid":{"rendered":"https:\/\/vinylgrove.nl\/?post_type=product&#038;p=45678"},"modified":"2025-09-18T14:10:51","modified_gmt":"2025-09-18T12:10:51","slug":"she-past-away-2","status":"publish","type":"product","link":"https:\/\/vinylgrove.nl\/index.php\/product\/she-past-away-2\/","title":{"rendered":"She Past Away"},"content":{"rendered":"<p>Release: 06-05-2015<\/p>\n<p>&nbsp;<\/p>\n<p>Tracklist:<\/p>\n<ul class=\"ng-star-inserted\">\n<li class=\"ng-star-inserted\">A1 Soluk 4:57<\/li>\n<li class=\"ng-star-inserted\">A2 Asimilasyon 4:12<\/li>\n<li class=\"ng-star-inserted\">A3 Uzakta 4:27<\/li>\n<li class=\"ng-star-inserted\">A4 Narin Yaln\u0131zl\u0131k 4:14<\/li>\n<li class=\"ng-star-inserted\">A5 Hayaller? 5:04<\/li>\n<li class=\"ng-star-inserted\">B1 Katarsis 3:14<\/li>\n<li class=\"ng-star-inserted\">B2 U\u00e7tu Belirsizli\u011fe 5:31<\/li>\n<li class=\"ng-star-inserted\">B3 Ger\u00e7ekten \u00d6zleyince 4:48<\/li>\n<li class=\"ng-star-inserted\">B4 Yan\u0131mda 3:44<\/li>\n<li class=\"ng-star-inserted\">B5 Kuruyordu Nehir 3:24<\/li>\n<li class=\"ng-star-inserted\">B6 \u0130\u00e7e Kapan\u0131\u015f II 2:10<\/li>\n<\/ul>\n<p>This may always be filed under Dark Wave<\/p>\n","protected":false},"excerpt":{"rendered":"<p>Narin Yalnizlik<\/p>\n","protected":false},"featured_media":45679,"template":"","meta":[],"product_brand":[],"product_cat":[142],"product_tag":[2541],"class_list":{"0":"post-45678","1":"product","2":"type-product","3":"status-publish","4":"has-post-thumbnail","6":"product_cat-electronic","7":"product_tag-fabrika","9":"first","10":"outofstock","11":"shipping-taxable","12":"purchasable","13":"product-type-simple"},"_links":{"self":[{"href":"https:\/\/vinylgrove.nl\/index.php\/wp-json\/wp\/v2\/product\/45678","targetHints":{"allow":["GET"]}}],"collection":[{"href":"https:\/\/vinylgrove.nl\/index.php\/wp-json\/wp\/v2\/product"}],"about":[{"href":"https:\/\/vinylgrove.nl\/index.php\/wp-json\/wp\/v2\/types\/product"}],"wp:featuredmedia":[{"embeddable":true,"href":"https:\/\/vinylgrove.nl\/index.php\/wp-json\/wp\/v2\/media\/45679"}],"wp:attachment":[{"href":"https:\/\/vinylgrove.nl\/index.php\/wp-json\/wp\/v2\/media?parent=45678"}],"wp:term":[{"taxonomy":"product_brand","embeddable":true,"href":"https:\/\/vinylgrove.nl\/index.php\/wp-json\/wp\/v2\/product_brand?post=45678"},{"taxonomy":"product_cat","embeddable":true,"href":"https:\/\/vinylgrove.nl\/index.php\/wp-json\/wp\/v2\/product_cat?post=45678"},{"taxonomy":"product_tag","embeddable":true,"href":"https:\/\/vinylgrove.nl\/index.php\/wp-json\/wp\/v2\/product_tag?post=45678"}],"curies":[{"name":"wp","href":"https:\/\/api.w.org\/{rel}","templated":true}]}}