{"id":46902,"date":"2024-05-30T16:19:24","date_gmt":"2024-05-30T14:19:24","guid":{"rendered":"https:\/\/vinylgrove.nl\/?post_type=product&#038;p=46902"},"modified":"2025-11-26T15:38:08","modified_gmt":"2025-11-26T14:38:08","slug":"king-hannah","status":"publish","type":"product","link":"https:\/\/vinylgrove.nl\/index.php\/product\/king-hannah\/","title":{"rendered":"King Hannah"},"content":{"rendered":"<p>Release: 20-11-2020<\/p>\n<p>Tracklist:<\/p>\n<ul class=\"ng-star-inserted\">\n<li class=\"ng-star-inserted\">A1 And Then Out Of Nowhere, It Rained<\/li>\n<li class=\"ng-star-inserted\">A2 Meal Deal<\/li>\n<li class=\"ng-star-inserted\">A3 Bill Tench<\/li>\n<li class=\"ng-star-inserted\">B1 Cr\u00e8me Br\u00fbl\u00e9e<\/li>\n<li class=\"ng-star-inserted\">B2 The Sea Has Stretch Marks<\/li>\n<li class=\"ng-star-inserted\">B2 Reprise (Moving Day)<\/li>\n<\/ul>\n","protected":false},"excerpt":{"rendered":"<p>Tell Me Your Mind And I&#8217;ll Tell You Mine<\/p>\n","protected":false},"featured_media":46903,"template":"","meta":[],"product_brand":[],"product_cat":[33],"product_tag":[1002],"class_list":{"0":"post-46902","1":"product","2":"type-product","3":"status-publish","4":"has-post-thumbnail","6":"product_cat-pop-rock-indie","7":"product_tag-city-slang","9":"first","10":"instock","11":"shipping-taxable","12":"purchasable","13":"product-type-simple"},"_links":{"self":[{"href":"https:\/\/vinylgrove.nl\/index.php\/wp-json\/wp\/v2\/product\/46902","targetHints":{"allow":["GET"]}}],"collection":[{"href":"https:\/\/vinylgrove.nl\/index.php\/wp-json\/wp\/v2\/product"}],"about":[{"href":"https:\/\/vinylgrove.nl\/index.php\/wp-json\/wp\/v2\/types\/product"}],"wp:featuredmedia":[{"embeddable":true,"href":"https:\/\/vinylgrove.nl\/index.php\/wp-json\/wp\/v2\/media\/46903"}],"wp:attachment":[{"href":"https:\/\/vinylgrove.nl\/index.php\/wp-json\/wp\/v2\/media?parent=46902"}],"wp:term":[{"taxonomy":"product_brand","embeddable":true,"href":"https:\/\/vinylgrove.nl\/index.php\/wp-json\/wp\/v2\/product_brand?post=46902"},{"taxonomy":"product_cat","embeddable":true,"href":"https:\/\/vinylgrove.nl\/index.php\/wp-json\/wp\/v2\/product_cat?post=46902"},{"taxonomy":"product_tag","embeddable":true,"href":"https:\/\/vinylgrove.nl\/index.php\/wp-json\/wp\/v2\/product_tag?post=46902"}],"curies":[{"name":"wp","href":"https:\/\/api.w.org\/{rel}","templated":true}]}}