{"id":48482,"date":"2024-08-17T15:00:30","date_gmt":"2024-08-17T13:00:30","guid":{"rendered":"https:\/\/vinylgrove.nl\/?post_type=product&#038;p=48482"},"modified":"2024-08-17T15:09:23","modified_gmt":"2024-08-17T13:09:23","slug":"lobo-ary","status":"publish","type":"product","link":"https:\/\/vinylgrove.nl\/index.php\/product\/lobo-ary\/","title":{"rendered":"Lobo, Ary"},"content":{"rendered":"<p>Re: 01-12-2023<\/p>\n<p>\u201cWhoever has been following the musical movements happening within our culture, must have noticed this young singer hailing from the North of Brazil. An absolute master of Bai\u00e3o, C\u00f4co, Batuque and other related musical genres and the owner of an art one hundred percent his own, Ary Lobo is the ideal interpreter of northeastern songs\u201c<br \/>\nThese words taken from the original liner notes of Ary Lobo\u2019s first LP, \u201cForr\u00f3 con Ary Lobo\u201d recorded in 1958, are in no way exaggeration. How many Brazilians have been bewitched by his voice nobody can say for sure but what is certain is that it is a voice that could have gone silent forever, as Biographer Elmo Barros explains:<br \/>\n\u201eHailing from Bel\u00e9m do Para in the north of the country, Ary Lobo was ready to launch his campaign on the south of the country and set out for Rio de Janeiro in October of 1955. There he encountered the usual southern biases against singers from the North and it was only after meeting Gad\u00e9, a respected pianist, that he was able to secure an audition at R\u00e1dio Mau\u00e1&#8230;&#8230;.\u00a0Ary Lobo recorded one LP every year until 1966 when he released \u201cQuem \u00c9 O Campe\u00e3o?\u201d (Who Is The Champion?) this last album for RCA Victor. All these recordings are wonderful road trips taking the listener through the various regions of Brazil; the tour guide on the journey is none other than Ary Lobo himself who, besides philosophy, science, politics and religion, would ornate the whole travel experience with an in-depth look into the traditions of a Brazilian society moving toward modernity.<\/p>\n<p>Tracklist:<\/p>\n<ul class=\"ng-star-inserted\">\n<li class=\"ng-star-inserted\">A1 Movimento Da Cidade 2:27<\/li>\n<li class=\"ng-star-inserted\">A2 Meus Guardados 3:02<\/li>\n<li class=\"ng-star-inserted\">A3 Batuque De \u00cdndio 2:21<\/li>\n<li class=\"ng-star-inserted\">A4 Ad\u00e3o Pecou 3:03<\/li>\n<li class=\"ng-star-inserted\">A5 Mensagem Ao Divino 2:14<\/li>\n<li class=\"ng-star-inserted\">A6 Pedido A Pedre Cicero 2:58<\/li>\n<li class=\"ng-star-inserted\">A7 Pedida A S\u00e3o Jorge 2:33<\/li>\n<li class=\"ng-star-inserted\">B1 Sinh\u00e1 Ol\u00edmpia 2:14<\/li>\n<li class=\"ng-star-inserted\">B2 Bai\u00e3o Macumba 2:27<\/li>\n<li class=\"ng-star-inserted\">B3 O Criador 2:30<\/li>\n<li class=\"ng-star-inserted\">B4 Evolu\u00e7\u00e3o 2:48<\/li>\n<li class=\"ng-star-inserted\">B5 Garganta De Cera 2:30<\/li>\n<li class=\"ng-star-inserted\">B6 Visite O Terreiro 2:31<\/li>\n<li class=\"ng-star-inserted\">B7 Bate Malva 2:17<\/li>\n<li class=\"ng-star-inserted\">B8 N\u00eago S\u00e3o 2:10<\/li>\n<\/ul>\n","protected":false},"excerpt":{"rendered":"<p>Ary Lobo 1958-1966 (Gatefold)<\/p>\n","protected":false},"featured_media":48483,"template":"","meta":[],"product_brand":[],"product_cat":[2556],"product_tag":[746],"class_list":{"0":"post-48482","1":"product","2":"type-product","3":"status-publish","4":"has-post-thumbnail","6":"product_cat-south-america","7":"product_tag-analog-africa","9":"first","10":"instock","11":"shipping-taxable","12":"purchasable","13":"product-type-simple"},"_links":{"self":[{"href":"https:\/\/vinylgrove.nl\/index.php\/wp-json\/wp\/v2\/product\/48482","targetHints":{"allow":["GET"]}}],"collection":[{"href":"https:\/\/vinylgrove.nl\/index.php\/wp-json\/wp\/v2\/product"}],"about":[{"href":"https:\/\/vinylgrove.nl\/index.php\/wp-json\/wp\/v2\/types\/product"}],"wp:featuredmedia":[{"embeddable":true,"href":"https:\/\/vinylgrove.nl\/index.php\/wp-json\/wp\/v2\/media\/48483"}],"wp:attachment":[{"href":"https:\/\/vinylgrove.nl\/index.php\/wp-json\/wp\/v2\/media?parent=48482"}],"wp:term":[{"taxonomy":"product_brand","embeddable":true,"href":"https:\/\/vinylgrove.nl\/index.php\/wp-json\/wp\/v2\/product_brand?post=48482"},{"taxonomy":"product_cat","embeddable":true,"href":"https:\/\/vinylgrove.nl\/index.php\/wp-json\/wp\/v2\/product_cat?post=48482"},{"taxonomy":"product_tag","embeddable":true,"href":"https:\/\/vinylgrove.nl\/index.php\/wp-json\/wp\/v2\/product_tag?post=48482"}],"curies":[{"name":"wp","href":"https:\/\/api.w.org\/{rel}","templated":true}]}}