{"id":48793,"date":"2024-09-04T21:28:55","date_gmt":"2024-09-04T19:28:55","guid":{"rendered":"https:\/\/vinylgrove.nl\/?post_type=product&#038;p=48793"},"modified":"2025-09-18T14:02:34","modified_gmt":"2025-09-18T12:02:34","slug":"dimas-sam-y-la-diferente","status":"publish","type":"product","link":"https:\/\/vinylgrove.nl\/index.php\/product\/dimas-sam-y-la-diferente\/","title":{"rendered":"Dimas, Sam Y La Diferente"},"content":{"rendered":"<p>Re: 03-05-2024<\/p>\n<p>In the 80s, Dimas \u201cSam Dimas\u201d Pedroza was encouraged with two atypical projects. One in partnership with the great Larry Francia, another artist released by El Palmas Music, and titled La salsa es con Dimas y Larry. And the other with an orchestra of great artists of the time that El Palmas also proudly relaunches in 2024: Sam Dimas and La Diferente\u2019s El Tumbao\u2026, with songs by prestigious authors such as Jose\u00edto Fern\u00e1ndez and Jos\u00e9 Gonz\u00e1lez Giralt and arrangements by the renowned trombonist Rafael Silva.<\/p>\n<p>Sam Dimas y La Diferente\u2019s El Tumbao\u2026 is an album that Dimas \u2013 who is 80 years old today and still lives in Caracas \u2013 never presented live. One of those hidden gems in the history of salsa that El Palmas is dedicated to rescuing to continue reconstructing the memory of Venezuelan popular music, one of its main objectives. At the time of its appearance it did not receive the attention it deserved, perhaps because at first glance you can only see the surface.<\/p>\n<p>Tracklist:<\/p>\n<p>1. El Tumbao\u2026<br \/>\n2. He Sabido Ya De Ti<br \/>\n3. Qui\u00e9reme- Bol.<br \/>\n4. Se Rompi\u00f3 El Mu\u00f1eco<\/p>\n<p>1. Tumba y Quinto<br \/>\n2. El Vendedor Que No fia<br \/>\n3. Tus Amores<br \/>\n4. Canto A Los Ni\u00f1os<\/p>\n","protected":false},"excerpt":{"rendered":"<p>El Tumbao<\/p>\n","protected":false},"featured_media":48794,"template":"","meta":[],"product_brand":[],"product_cat":[2781],"product_tag":[2550],"class_list":{"0":"post-48793","1":"product","2":"type-product","3":"status-publish","4":"has-post-thumbnail","6":"product_cat-latinsalsasambabachata","7":"product_tag-el-palmas-music","9":"first","10":"outofstock","11":"shipping-taxable","12":"purchasable","13":"product-type-simple"},"_links":{"self":[{"href":"https:\/\/vinylgrove.nl\/index.php\/wp-json\/wp\/v2\/product\/48793","targetHints":{"allow":["GET"]}}],"collection":[{"href":"https:\/\/vinylgrove.nl\/index.php\/wp-json\/wp\/v2\/product"}],"about":[{"href":"https:\/\/vinylgrove.nl\/index.php\/wp-json\/wp\/v2\/types\/product"}],"wp:featuredmedia":[{"embeddable":true,"href":"https:\/\/vinylgrove.nl\/index.php\/wp-json\/wp\/v2\/media\/48794"}],"wp:attachment":[{"href":"https:\/\/vinylgrove.nl\/index.php\/wp-json\/wp\/v2\/media?parent=48793"}],"wp:term":[{"taxonomy":"product_brand","embeddable":true,"href":"https:\/\/vinylgrove.nl\/index.php\/wp-json\/wp\/v2\/product_brand?post=48793"},{"taxonomy":"product_cat","embeddable":true,"href":"https:\/\/vinylgrove.nl\/index.php\/wp-json\/wp\/v2\/product_cat?post=48793"},{"taxonomy":"product_tag","embeddable":true,"href":"https:\/\/vinylgrove.nl\/index.php\/wp-json\/wp\/v2\/product_tag?post=48793"}],"curies":[{"name":"wp","href":"https:\/\/api.w.org\/{rel}","templated":true}]}}