{"id":49198,"date":"2024-09-27T15:58:20","date_gmt":"2024-09-27T13:58:20","guid":{"rendered":"https:\/\/vinylgrove.nl\/?post_type=product&#038;p=49198"},"modified":"2024-09-27T15:58:52","modified_gmt":"2024-09-27T13:58:52","slug":"various-289","status":"publish","type":"product","link":"https:\/\/vinylgrove.nl\/index.php\/product\/various-289\/","title":{"rendered":"Various"},"content":{"rendered":"<p>Re: 20-04-2024<\/p>\n<p>Reissue for RSD 2024<\/p>\n<p>Tracklist:<\/p>\n<p>1. Ant Trip Ceremony \u2013 Pale Shades of Grey<br \/>\n2. Heaven \u2013 Down By The Ocean<br \/>\n3. Christophe &#8211; Lo Prego E Pregher\u00f2 (Je Sais Que C&#8217;est L&#8217;\u00c9t\u00e9)<br \/>\n4. WITCH \u2013 Evening of My Life<br \/>\n5. Pat&#8217;s People \u2013 December Sequel<br \/>\n6. 5 Revolutions &#8211; Poor Man<br \/>\n7. David Lee Jr. &#8211; Love Parable<\/p>\n<p>1. Joe Lano and Ed Whiting \u2013 Faith<br \/>\n2. Jose Mauro \u2013 Dois Ruas<br \/>\n3. Ton E Sergio \u2013 Vou Sair Do Cateveiro<br \/>\n4. Ofege &#8211; Sorrow<br \/>\n5. Image \u2013 Out Station<br \/>\n6. Image \u2013 Everybody\u2019s Laughing<br \/>\n7. Witch &#8211; Evening of My Life<\/p>\n","protected":false},"excerpt":{"rendered":"<p>Pale Shades Of Greay (cld)<\/p>\n","protected":false},"featured_media":49199,"template":"","meta":[],"product_brand":[],"product_cat":[726],"product_tag":[748],"class_list":{"0":"post-49198","1":"product","2":"type-product","3":"status-publish","4":"has-post-thumbnail","6":"product_cat-world","7":"product_tag-now-again","9":"first","10":"instock","11":"shipping-taxable","12":"purchasable","13":"product-type-simple"},"_links":{"self":[{"href":"https:\/\/vinylgrove.nl\/index.php\/wp-json\/wp\/v2\/product\/49198","targetHints":{"allow":["GET"]}}],"collection":[{"href":"https:\/\/vinylgrove.nl\/index.php\/wp-json\/wp\/v2\/product"}],"about":[{"href":"https:\/\/vinylgrove.nl\/index.php\/wp-json\/wp\/v2\/types\/product"}],"wp:featuredmedia":[{"embeddable":true,"href":"https:\/\/vinylgrove.nl\/index.php\/wp-json\/wp\/v2\/media\/49199"}],"wp:attachment":[{"href":"https:\/\/vinylgrove.nl\/index.php\/wp-json\/wp\/v2\/media?parent=49198"}],"wp:term":[{"taxonomy":"product_brand","embeddable":true,"href":"https:\/\/vinylgrove.nl\/index.php\/wp-json\/wp\/v2\/product_brand?post=49198"},{"taxonomy":"product_cat","embeddable":true,"href":"https:\/\/vinylgrove.nl\/index.php\/wp-json\/wp\/v2\/product_cat?post=49198"},{"taxonomy":"product_tag","embeddable":true,"href":"https:\/\/vinylgrove.nl\/index.php\/wp-json\/wp\/v2\/product_tag?post=49198"}],"curies":[{"name":"wp","href":"https:\/\/api.w.org\/{rel}","templated":true}]}}