{"id":49402,"date":"2024-10-08T16:46:57","date_gmt":"2024-10-08T14:46:57","guid":{"rendered":"https:\/\/vinylgrove.nl\/?post_type=product&#038;p=49402"},"modified":"2025-09-18T14:01:30","modified_gmt":"2025-09-18T12:01:30","slug":"solstafir-5","status":"publish","type":"product","link":"https:\/\/vinylgrove.nl\/index.php\/product\/solstafir-5\/","title":{"rendered":"S\u00f3lstafir"},"content":{"rendered":"<p>Release: 08-11-2024<\/p>\n<p>Hin helga kv\u00f6l blends S\u00d3LSTAFIR&#8217;s signature melancholic sound with elements from their past, creating an album that is both reflective and innovative, not only in scope but in song-craft. On their next level of pushing their song-writing to the limit, Tryggvason elaborates:<br \/>\n&#8220;It always feels like you walk into a blackened room with paint and start painting, then after a while you turn the lights on. One thing we did try this time around was to make songs shorter. It&#8217;s somewhat harder to write good short songs, so that was a real challenge.&#8221;<\/p>\n<p>Hin helga kv\u00f6l runs the gamut between S\u00d3LSTAFIR\u2019s Black Metal roots and their penchant for tuneful, anthemic rock, all while maintaining sprawling instrumentation where it counts most. From guests, Borgar Magnason\u2019s double bass soundscapes on &#8220;Freyg\u00e1tan&#8221; to Jens Hanson\u2019s saxophone and haunting female vocals by Erna Hr\u00f6nn \u00d3lafsd\u00f3ttir on &#8220;Vor \u00e1s&#8221;, S\u00d3LSTAFIR expertly twists and contorts through a range of styles and eclectic elements, but all woven within their Icelandic tundra expanse. It is Tryggvason&#8217;s voice that brings Hin helga kv\u00f6l\u2019s message, tortured vitality and dramatic earnestness to the forefront. The signature orchestration of S\u00d3LSTAFIR\u2019s innate riff, tone and rhythm balances lush production and stripped-back vigor, with exhilarating time signature changes. At the heart of Hin helga kv\u00f6l are the heartfelt and electrifying personal performances of the band that highlight S\u00d3LSTAFIR\u2019s ability to merge genres seamlessly into something unheard of.<\/p>\n<p>Tracklist:<\/p>\n<p>1.\u00a0\u00a0\u00a0\u00a0H\u00fan andar\u00a0\u00a0\u00a0\u00a005:29<br \/>\n2.\u00a0\u00a0\u00a0\u00a0Hin helga kv\u00f6l\u00a0\u00a0\u00a0\u00a005:42<br \/>\n3.\u00a0\u00a0\u00a0\u00a0Blakkrakki\u00a0\u00a0\u00a0\u00a004:32<br \/>\n4.\u00a0\u00a0\u00a0\u00a0S\u00e1lumessa\u00a0\u00a0\u00a0\u00a007:11<br \/>\n5.\u00a0\u00a0\u00a0\u00a0Vor \u00e1s\u00a0\u00a0\u00a0\u00a005:45<br \/>\n6.\u00a0\u00a0\u00a0\u00a0Freyg\u00e1tan\u00a0\u00a0\u00a0\u00a004:06<br \/>\n7.\u00a0\u00a0\u00a0\u00a0Gr\u00fdla\u00a0\u00a0\u00a0\u00a005:06<br \/>\n8.\u00a0\u00a0\u00a0\u00a0N\u00fa mun lj\u00f3si\u00f0 deyja\u00a0\u00a0\u00a0\u00a003:47<br \/>\n9.\u00a0\u00a0\u00a0\u00a0Kuml (forspil, s\u00e1lmur, kve\u00f0ja)\u00a0\u00a0\u00a0\u00a006:44<\/p>\n","protected":false},"excerpt":{"rendered":"<p>Hin Helga Kv\u00f6l<\/p>\n","protected":false},"featured_media":49403,"template":"","meta":[],"product_brand":[],"product_cat":[2327,41],"product_tag":[1041],"class_list":{"0":"post-49402","1":"product","2":"type-product","3":"status-publish","4":"has-post-thumbnail","6":"product_cat-black-death-extreme","7":"product_cat-rock-lps","8":"product_tag-century-media","10":"first","11":"outofstock","12":"shipping-taxable","13":"purchasable","14":"product-type-simple"},"_links":{"self":[{"href":"https:\/\/vinylgrove.nl\/index.php\/wp-json\/wp\/v2\/product\/49402","targetHints":{"allow":["GET"]}}],"collection":[{"href":"https:\/\/vinylgrove.nl\/index.php\/wp-json\/wp\/v2\/product"}],"about":[{"href":"https:\/\/vinylgrove.nl\/index.php\/wp-json\/wp\/v2\/types\/product"}],"wp:featuredmedia":[{"embeddable":true,"href":"https:\/\/vinylgrove.nl\/index.php\/wp-json\/wp\/v2\/media\/49403"}],"wp:attachment":[{"href":"https:\/\/vinylgrove.nl\/index.php\/wp-json\/wp\/v2\/media?parent=49402"}],"wp:term":[{"taxonomy":"product_brand","embeddable":true,"href":"https:\/\/vinylgrove.nl\/index.php\/wp-json\/wp\/v2\/product_brand?post=49402"},{"taxonomy":"product_cat","embeddable":true,"href":"https:\/\/vinylgrove.nl\/index.php\/wp-json\/wp\/v2\/product_cat?post=49402"},{"taxonomy":"product_tag","embeddable":true,"href":"https:\/\/vinylgrove.nl\/index.php\/wp-json\/wp\/v2\/product_tag?post=49402"}],"curies":[{"name":"wp","href":"https:\/\/api.w.org\/{rel}","templated":true}]}}