{"id":51679,"date":"2025-02-07T17:00:03","date_gmt":"2025-02-07T16:00:03","guid":{"rendered":"https:\/\/vinylgrove.nl\/?post_type=product&#038;p=51679"},"modified":"2025-02-07T17:02:38","modified_gmt":"2025-02-07T16:02:38","slug":"alcest-8","status":"publish","type":"product","link":"https:\/\/vinylgrove.nl\/index.php\/product\/alcest-8\/","title":{"rendered":"Alcest"},"content":{"rendered":"<p>Re : 31-01-2025<\/p>\n<p>&#8220;Les voyages de l&#8217;\u00e2me&#8221; (&#8220;The Journeys of the Soul&#8221;) is Alcest&#8217;s third album and contains the quintessence of the group&#8217;s creative work to date. While &#8220;Le secret,&#8221; the debut EP from 2005, was the key to the world of Alcest, &#8220;Les voyages &#8230;&#8221; unites everything that characterises Alcest in terms of concept and music. While an epic composition such as &#8220;L\u00e0 o\u00f9 naissent les couleurs nouvelles&#8221; would have found its place also on &#8220;\u00c9cailles de lune,&#8221; &#8220;Beings of Light&#8221; with its blazing character reminds of the ground-breaking &#8220;Le secret.&#8221; On the other hand, &#8220;Autre temps&#8221; \u2013 the album&#8217;s first single to which there is also an impressive and visually stunning video clip \u2013 is a prime example for the melodic and catchy side of Alcest that initially came to the fore on the band&#8217;s debut album &#8220;Souvenirs d&#8217;un autre monde.&#8221; Something that is common to all of the songs, however, is the predominant feeling of euphoria and bliss, always subtly overshadowed by melancholia and yearning.<\/p>\n<p>Tracklist:<\/p>\n<ul>\n<li class=\"ng-star-inserted\">1. Autre Temps<\/li>\n<li class=\"ng-star-inserted\">2. La Ou Naissent Les Couleurs Nouvelles<\/li>\n<li class=\"ng-star-inserted\">3. Les Voyages De L&#8217;ame<\/li>\n<li class=\"ng-star-inserted\">4. Nous Sommes L&#8217;emeraude<\/li>\n<li class=\"ng-star-inserted\">5. Beings of Light<\/li>\n<li class=\"ng-star-inserted\">6. Faiseurs De Mondes<\/li>\n<li class=\"ng-star-inserted\">7. Havens<\/li>\n<li class=\"ng-star-inserted\">8. Summer&#8217;s Glory<\/li>\n<\/ul>\n","protected":false},"excerpt":{"rendered":"<p>Les Voyages Des L&#8217;Aime (cld)<\/p>\n","protected":false},"featured_media":51680,"template":"","meta":[],"product_brand":[],"product_cat":[2759,28,2326],"product_tag":[2139],"class_list":{"0":"post-51679","1":"product","2":"type-product","3":"status-publish","4":"has-post-thumbnail","6":"product_cat-suburban-labels","7":"product_cat-metal-hardrock","8":"product_cat-stoner","9":"product_tag-prophecy-productions","10":"product_shipping_class-single-record","12":"first","13":"instock","14":"shipping-taxable","15":"purchasable","16":"product-type-simple"},"_links":{"self":[{"href":"https:\/\/vinylgrove.nl\/index.php\/wp-json\/wp\/v2\/product\/51679","targetHints":{"allow":["GET"]}}],"collection":[{"href":"https:\/\/vinylgrove.nl\/index.php\/wp-json\/wp\/v2\/product"}],"about":[{"href":"https:\/\/vinylgrove.nl\/index.php\/wp-json\/wp\/v2\/types\/product"}],"wp:featuredmedia":[{"embeddable":true,"href":"https:\/\/vinylgrove.nl\/index.php\/wp-json\/wp\/v2\/media\/51680"}],"wp:attachment":[{"href":"https:\/\/vinylgrove.nl\/index.php\/wp-json\/wp\/v2\/media?parent=51679"}],"wp:term":[{"taxonomy":"product_brand","embeddable":true,"href":"https:\/\/vinylgrove.nl\/index.php\/wp-json\/wp\/v2\/product_brand?post=51679"},{"taxonomy":"product_cat","embeddable":true,"href":"https:\/\/vinylgrove.nl\/index.php\/wp-json\/wp\/v2\/product_cat?post=51679"},{"taxonomy":"product_tag","embeddable":true,"href":"https:\/\/vinylgrove.nl\/index.php\/wp-json\/wp\/v2\/product_tag?post=51679"}],"curies":[{"name":"wp","href":"https:\/\/api.w.org\/{rel}","templated":true}]}}