{"id":52447,"date":"2025-03-19T17:19:09","date_gmt":"2025-03-19T16:19:09","guid":{"rendered":"https:\/\/vinylgrove.nl\/?post_type=product&#038;p=52447"},"modified":"2026-03-12T14:58:08","modified_gmt":"2026-03-12T13:58:08","slug":"yildirim-derya","status":"publish","type":"product","link":"https:\/\/vinylgrove.nl\/index.php\/product\/yildirim-derya\/","title":{"rendered":"Yildirim, Derya"},"content":{"rendered":"<p>Release: 14-03-2025<\/p>\n<p>Tracklist:<\/p>\n<ul class=\"ng-star-inserted\">\n<li class=\"ng-star-inserted\">A1 \u00c7i\u00e7ek A\u00e7\u0131yor = Blooming Flower<\/li>\n<li class=\"ng-star-inserted\">A2 Cool Hand = Sakin Kul<\/li>\n<li class=\"ng-star-inserted\">A3 Yakamoz = Sea Shine<\/li>\n<li class=\"ng-star-inserted\">A4 Hop Bico = Hop Around Bico<\/li>\n<li class=\"ng-star-inserted\">A5 Bilemedim Ki = I Didn&#8217;t Know<\/li>\n<li class=\"ng-star-inserted\">B1 Y\u00fcz Y\u00fcze = Face To Face<\/li>\n<li class=\"ng-star-inserted\">B2 \u0130stanbul&#8217;un Ku\u015flar\u0131 = Birds Of Istanbul<\/li>\n<li class=\"ng-star-inserted\">B3 Direne Direne = We Will Resist<\/li>\n<li class=\"ng-star-inserted\">B4 Ceylan = Mother Deer<\/li>\n<li class=\"ng-star-inserted\">B5 Misket = Misket&#8217;s Lament<\/li>\n<li class=\"ng-star-inserted\">B6 G\u00fcne\u015f = Sun<\/li>\n<\/ul>\n<p>Location: Colemine\/Big Crown bin<\/p>\n","protected":false},"excerpt":{"rendered":"<p>Yarin Yoksa (Gatefold\/purple)<\/p>\n","protected":false},"featured_media":52448,"template":"","meta":[],"product_brand":[],"product_cat":[717],"product_tag":[759],"class_list":{"0":"post-52447","1":"product","2":"type-product","3":"status-publish","4":"has-post-thumbnail","6":"product_cat-funk-soul","7":"product_tag-big-crown","9":"first","10":"instock","11":"shipping-taxable","12":"purchasable","13":"product-type-simple"},"_links":{"self":[{"href":"https:\/\/vinylgrove.nl\/index.php\/wp-json\/wp\/v2\/product\/52447","targetHints":{"allow":["GET"]}}],"collection":[{"href":"https:\/\/vinylgrove.nl\/index.php\/wp-json\/wp\/v2\/product"}],"about":[{"href":"https:\/\/vinylgrove.nl\/index.php\/wp-json\/wp\/v2\/types\/product"}],"wp:featuredmedia":[{"embeddable":true,"href":"https:\/\/vinylgrove.nl\/index.php\/wp-json\/wp\/v2\/media\/52448"}],"wp:attachment":[{"href":"https:\/\/vinylgrove.nl\/index.php\/wp-json\/wp\/v2\/media?parent=52447"}],"wp:term":[{"taxonomy":"product_brand","embeddable":true,"href":"https:\/\/vinylgrove.nl\/index.php\/wp-json\/wp\/v2\/product_brand?post=52447"},{"taxonomy":"product_cat","embeddable":true,"href":"https:\/\/vinylgrove.nl\/index.php\/wp-json\/wp\/v2\/product_cat?post=52447"},{"taxonomy":"product_tag","embeddable":true,"href":"https:\/\/vinylgrove.nl\/index.php\/wp-json\/wp\/v2\/product_tag?post=52447"}],"curies":[{"name":"wp","href":"https:\/\/api.w.org\/{rel}","templated":true}]}}