{"id":52528,"date":"2025-03-22T12:45:26","date_gmt":"2025-03-22T11:45:26","guid":{"rendered":"https:\/\/vinylgrove.nl\/?post_type=product&#038;p=52528"},"modified":"2026-01-17T13:00:38","modified_gmt":"2026-01-17T12:00:38","slug":"magma-7","status":"publish","type":"product","link":"https:\/\/vinylgrove.nl\/index.php\/product\/magma-7\/","title":{"rendered":"Magma"},"content":{"rendered":"<p>Re: 21-03-2025<\/p>\n<p>K.A (K\u00f6hntark\u00f6sz Anteria) is the ninth studio album by French rock band Magma. The album was Magma&#8217;s first full-length studio release in just under 20 years. The material was largely composed by drummer Christian Vander in 1973\u201374, and fragments of it can be heard on Magma&#8217;s 1977 live album In\u00e9dits. K.A is sung almost entirely in Magma&#8217;s constructed language Koba\u00efan. This album is part of the K\u00f6hntark\u00f6sz cycle of albums. Christian Vander revisited an old unrecorded composition and gave it a very succesfull modern-day reinterpretation Introducing a new group sound that blends the vintage &#8220;Da Zeuhl&#8221; elements from Magma&#8217;s Kohntarkosz-era material and the engrossing cosmic jazz and massed vocals of Vander&#8217;s later group, Offering. The lineup featured here is very similar to the one appearing on the 2001 live CD and DVD Theusz Hamtaakh La Trilogie au Trianon. The album is a must-have for die-hard fans and newcomers alike. Cut and pressed on 45rpm.<\/p>\n<p>&nbsp;<\/p>\n<p>Tracklist:<\/p>\n<ul class=\"ng-star-inserted\">\n<li class=\"ng-star-inserted\">\n<h6 class=\"ng-star-inserted\"><\/h6>\n<ul>\n<li class=\"ng-star-inserted\">1. K.A I<\/li>\n<li class=\"ng-star-inserted\">2. K.A Ii<\/li>\n<\/ul>\n<\/li>\n<li class=\"ng-star-inserted\">\n<h6 class=\"ng-star-inserted\"><\/h6>\n<ul>\n<li class=\"ng-star-inserted\">1. K.A Iii (Part 1)<\/li>\n<li class=\"ng-star-inserted\">2. K.A Iii (Part 2)<\/li>\n<\/ul>\n<\/li>\n<\/ul>\n","protected":false},"excerpt":{"rendered":"<p>K.A. (2LP\/Gatefold\/45rpm)<\/p>\n","protected":false},"featured_media":52529,"template":"","meta":[],"product_brand":[],"product_cat":[29],"product_tag":[818],"class_list":{"0":"post-52528","1":"product","2":"type-product","3":"status-publish","4":"has-post-thumbnail","6":"product_cat-prog","7":"product_tag-music-on-vinyl","9":"first","10":"instock","11":"shipping-taxable","12":"purchasable","13":"product-type-simple"},"_links":{"self":[{"href":"https:\/\/vinylgrove.nl\/index.php\/wp-json\/wp\/v2\/product\/52528","targetHints":{"allow":["GET"]}}],"collection":[{"href":"https:\/\/vinylgrove.nl\/index.php\/wp-json\/wp\/v2\/product"}],"about":[{"href":"https:\/\/vinylgrove.nl\/index.php\/wp-json\/wp\/v2\/types\/product"}],"wp:featuredmedia":[{"embeddable":true,"href":"https:\/\/vinylgrove.nl\/index.php\/wp-json\/wp\/v2\/media\/52529"}],"wp:attachment":[{"href":"https:\/\/vinylgrove.nl\/index.php\/wp-json\/wp\/v2\/media?parent=52528"}],"wp:term":[{"taxonomy":"product_brand","embeddable":true,"href":"https:\/\/vinylgrove.nl\/index.php\/wp-json\/wp\/v2\/product_brand?post=52528"},{"taxonomy":"product_cat","embeddable":true,"href":"https:\/\/vinylgrove.nl\/index.php\/wp-json\/wp\/v2\/product_cat?post=52528"},{"taxonomy":"product_tag","embeddable":true,"href":"https:\/\/vinylgrove.nl\/index.php\/wp-json\/wp\/v2\/product_tag?post=52528"}],"curies":[{"name":"wp","href":"https:\/\/api.w.org\/{rel}","templated":true}]}}