{"id":54693,"date":"2025-07-23T16:34:24","date_gmt":"2025-07-23T14:34:24","guid":{"rendered":"https:\/\/vinylgrove.nl\/?post_type=product&#038;p=54693"},"modified":"2026-03-19T16:00:50","modified_gmt":"2026-03-19T15:00:50","slug":"agropelter","status":"publish","type":"product","link":"https:\/\/vinylgrove.nl\/index.php\/product\/agropelter\/","title":{"rendered":"Agropelter"},"content":{"rendered":"<p>Release: 01-08-2025<\/p>\n<p>On the sprawling\u00a0<em>The Book Of Hours<\/em>\u00a0debut album from\u00a0<strong>AGROPELTER<\/strong>, listeners will be met with a wealth of lush tones from Mellotron, Hammond organs, ARP, cembalo, Minimoogs, and Taurus bass pedals. With all guitars, bass, church organ, and keyboard leads on the album performed by Kay Olsen, the album also features contributing musicians Jonas Reingold (Steve Hackett, The Flower Kings, Kaipa, Karmakanic) on fretless bass, Andreas Sj\u00f8en (Umpfel, V\u00c5DE, Sean Ashe) on drums, and Mattias Olsson (\u00c4nglag\u00e5rd, White Willow, Molesome) handling percussion, vintage synth overdubs, and atmosphere, as well as a wide array of classical musicians providing various strings and woodwinds.\u00a0<em>The Book Of Hours\u00a0<\/em>was mixed and mastered by the great Jacob Holm-Lupo (White Willow, Donner, Solstein) and completed with cover art by Dag E. Clausen.<\/p>\n<p>Tracklist:<\/p>\n<p>1 Flute Of Peril<br \/>\n2 Levitator<br \/>\n3 Burial Mound<br \/>\n4 The Book Of Hours Part I -Iv.<\/p>\n","protected":false},"excerpt":{"rendered":"<p>Book Of Hours (Gatefold)<\/p>\n","protected":false},"featured_media":54694,"template":"","meta":[],"product_brand":[],"product_cat":[29],"product_tag":[2976],"class_list":{"0":"post-54693","1":"product","2":"type-product","3":"status-publish","4":"has-post-thumbnail","6":"product_cat-prog","7":"product_tag-lasers-edge","9":"first","10":"instock","11":"shipping-taxable","12":"purchasable","13":"product-type-simple"},"_links":{"self":[{"href":"https:\/\/vinylgrove.nl\/index.php\/wp-json\/wp\/v2\/product\/54693","targetHints":{"allow":["GET"]}}],"collection":[{"href":"https:\/\/vinylgrove.nl\/index.php\/wp-json\/wp\/v2\/product"}],"about":[{"href":"https:\/\/vinylgrove.nl\/index.php\/wp-json\/wp\/v2\/types\/product"}],"wp:featuredmedia":[{"embeddable":true,"href":"https:\/\/vinylgrove.nl\/index.php\/wp-json\/wp\/v2\/media\/54694"}],"wp:attachment":[{"href":"https:\/\/vinylgrove.nl\/index.php\/wp-json\/wp\/v2\/media?parent=54693"}],"wp:term":[{"taxonomy":"product_brand","embeddable":true,"href":"https:\/\/vinylgrove.nl\/index.php\/wp-json\/wp\/v2\/product_brand?post=54693"},{"taxonomy":"product_cat","embeddable":true,"href":"https:\/\/vinylgrove.nl\/index.php\/wp-json\/wp\/v2\/product_cat?post=54693"},{"taxonomy":"product_tag","embeddable":true,"href":"https:\/\/vinylgrove.nl\/index.php\/wp-json\/wp\/v2\/product_tag?post=54693"}],"curies":[{"name":"wp","href":"https:\/\/api.w.org\/{rel}","templated":true}]}}