{"id":54792,"date":"2025-07-29T16:48:05","date_gmt":"2025-07-29T14:48:05","guid":{"rendered":"https:\/\/vinylgrove.nl\/?post_type=product&#038;p=54792"},"modified":"2026-02-17T17:00:33","modified_gmt":"2026-02-17T16:00:33","slug":"various-318","status":"publish","type":"product","link":"https:\/\/vinylgrove.nl\/index.php\/product\/various-318\/","title":{"rendered":"Various"},"content":{"rendered":"<p>Release: 18-07-2025<\/p>\n<p>Tracklist:<\/p>\n<ol>\n<li data-track=\"Soledad (feat. Damon Albarn, Luisa Almaguer, Nick Zinner, Seye Adelekan, Joan As Police Woman, Mexican Institute of Sound)\"><a class=\"ghref\" title=\"Zoeken naar het nummer &quot;Soledad (feat. Damon Albarn, Luisa Almaguer, Nick Zinner, Seye Adelekan, Joan As Police Woman, Mexican Institute of Sound)&quot; op andere uitgaven\" href=\"https:\/\/imusic.nl\/page\/search?kind=tracks&amp;query=%22Soledad+%28feat.+Damon+Albarn%2C+Luisa+Almaguer%2C+Nick+Zinner%2C+Seye+Adelekan%2C+Joan+As+Police+Woman%2C+Mexican+Institute+of+Sound%29%22\">Soledad (feat. Damon Albarn, Luisa Almaguer, Nick Zinner, Seye Adelekan, Joan As Police Woman, Mexican Institute of Sound)<\/a><\/li>\n<li data-track=\"Otim Hop (feat. Otim Alpha, Bootie Brown, K.O.G., Tom Excell)\"><a class=\"ghref\" title=\"Zoeken naar het nummer &quot;Otim Hop (feat. Otim Alpha, Bootie Brown, K.O.G., Tom Excell)&quot; op andere uitgaven\" href=\"https:\/\/imusic.nl\/page\/search?kind=tracks&amp;query=%22Otim+Hop+%28feat.+Otim+Alpha%2C+Bootie+Brown%2C+K.O.G.%2C+Tom+Excell%29%22\">Otim Hop (feat. Otim Alpha, Bootie Brown, K.O.G., Tom Excell)<\/a><\/li>\n<li data-track=\"Mi Lado (feat. Alansito Vega, Pot\u00e9, Mare Advertencia)\"><a class=\"ghref\" title=\"Zoeken naar het nummer &quot;Mi Lado (feat. Alansito Vega, Pot\u00e9, Mare Advertencia)&quot; op andere uitgaven\" href=\"https:\/\/imusic.nl\/page\/search?kind=tracks&amp;query=%22Mi+Lado+%28feat.+Alansito+Vega%2C+Pot%C3%A9%2C+Mare+Advertencia%29%22\">Mi Lado (feat. Alansito Vega, Pot\u00e9, Mare Advertencia)<\/a><\/li>\n<li data-track=\"Seya (feat. Onipa, Fatoumata Diawara, Abou Diarra, M\u00e9lissa Hi\u00e9, Oph\u00e9lia Hi\u00e9)\"><a class=\"ghref\" title=\"Zoeken naar het nummer &quot;Seya (feat. Onipa, Fatoumata Diawara, Abou Diarra, M\u00e9lissa Hi\u00e9, Oph\u00e9lia Hi\u00e9)&quot; op andere uitgaven\" href=\"https:\/\/imusic.nl\/page\/search?kind=tracks&amp;query=%22Seya+%28feat.+Onipa%2C+Fatoumata+Diawara%2C+Abou+Diarra%2C+M%C3%A9lissa+Hi%C3%A9%2C+Oph%C3%A9lia+Hi%C3%A9%29%22\">Seya (feat. Onipa, Fatoumata Diawara, Abou Diarra, M\u00e9lissa Hi\u00e9, Oph\u00e9lia Hi\u00e9)<\/a><\/li>\n<li data-track=\"Tayhana (feat. Tayhana, Otim Alpha, La Bruja de Texcoco)\"><a class=\"ghref\" title=\"Zoeken naar het nummer &quot;Tayhana (feat. Tayhana, Otim Alpha, La Bruja de Texcoco)&quot; op andere uitgaven\" href=\"https:\/\/imusic.nl\/page\/search?kind=tracks&amp;query=%22Tayhana+%28feat.+Tayhana%2C+Otim+Alpha%2C+La+Bruja+de+Texcoco%29%22\">Tayhana (feat. Tayhana, Otim Alpha, La Bruja de Texcoco)<\/a><\/li>\n<li data-track=\"Kuduro (feat. Fatoumata Diawara, Moonchild Sanelly, Tom Excell)\"><a class=\"ghref\" title=\"Zoeken naar het nummer &quot;Kuduro (feat. Fatoumata Diawara, Moonchild Sanelly, Tom Excell)&quot; op andere uitgaven\" href=\"https:\/\/imusic.nl\/page\/search?kind=tracks&amp;query=%22Kuduro+%28feat.+Fatoumata+Diawara%2C+Moonchild+Sanelly%2C+Tom+Excell%29%22\">Kuduro (feat. Fatoumata Diawara, Moonchild Sanelly, Tom Excell)<\/a><\/li>\n<li data-track=\"Defiant Ones (feat. Son Rompe Pera, M.anifest, Oph\u00e9lia Hi\u00e9, M\u00e9lissa Hi\u00e9, Mexican Institute of Sound)\"><a class=\"ghref\" title=\"Zoeken naar het nummer &quot;Defiant Ones (feat. Son Rompe Pera, M.anifest, Oph\u00e9lia Hi\u00e9, M\u00e9lissa Hi\u00e9, Mexican Institute of Sound)&quot; op andere uitgaven\" href=\"https:\/\/imusic.nl\/page\/search?kind=tracks&amp;query=%22Defiant+Ones+%28feat.+Son+Rompe+Pera%2C+M.anifest%2C+Oph%C3%A9lia+Hi%C3%A9%2C+M%C3%A9lissa+Hi%C3%A9%2C+Mexican+Institute+of+Sound%29%22\">Defiant Ones (feat. Son Rompe Pera, M.anifest, Oph\u00e9lia Hi\u00e9, M\u00e9lissa Hi\u00e9, Mexican Institute of Sound)<\/a><\/li>\n<li data-track=\"Raise A Glass (feat. Django Django, Mare Advertencia, Seye Adelekan)\"><a class=\"ghref\" title=\"Zoeken naar het nummer &quot;Raise A Glass (feat. Django Django, Mare Advertencia, Seye Adelekan)&quot; op andere uitgaven\" href=\"https:\/\/imusic.nl\/page\/search?kind=tracks&amp;query=%22Raise+A+Glass+%28feat.+Django+Django%2C+Mare+Advertencia%2C+Seye+Adelekan%29%22\">Raise A Glass (feat. Django Django, Mare Advertencia, Seye Adelekan)<\/a><\/li>\n<li data-track=\"Ofrenda de Sangre (feat. Luisa Almaguer, Mare Advertencia, Alansito Vega)\"><a class=\"ghref\" title=\"Zoeken naar het nummer &quot;Ofrenda de Sangre (feat. Luisa Almaguer, Mare Advertencia, Alansito Vega)&quot; op andere uitgaven\" href=\"https:\/\/imusic.nl\/page\/search?kind=tracks&amp;query=%22Ofrenda+de+Sangre+%28feat.+Luisa+Almaguer%2C+Mare+Advertencia%2C+Alansito+Vega%29%22\">Ofrenda de Sangre (feat. Luisa Almaguer, Mare Advertencia, Alansito Vega)<\/a><\/li>\n<li data-track=\"Chucha (feat. Son Rompe Pera, Joan As Police Woman, Otim Alpha, Abou Diarra, Oph\u00e9lia Hi\u00e9, M\u00e9lissa Hi\u00e9, Mexican Institute of Sound)\"><a class=\"ghref\" title=\"Zoeken naar het nummer &quot;Chucha (feat. Son Rompe Pera, Joan As Police Woman, Otim Alpha, Abou Diarra, Oph\u00e9lia Hi\u00e9, M\u00e9lissa Hi\u00e9, Mexican Institute of Sound)&quot; op andere uitgaven\" href=\"https:\/\/imusic.nl\/page\/search?kind=tracks&amp;query=%22Chucha+%28feat.+Son+Rompe+Pera%2C+Joan+As+Police+Woman%2C+Otim+Alpha%2C+Abou+Diarra%2C+Oph%C3%A9lia+Hi%C3%A9%2C+M%C3%A9lissa+Hi%C3%A9%2C+Mexican+Institute+of+Sound%29%22\">Chucha (feat. Son Rompe Pera, Joan As Police Woman, Otim Alpha, Abou Diarra, Oph\u00e9lia Hi\u00e9, M\u00e9lissa Hi\u00e9, Mexican Institute of Sound)<\/a><\/li>\n<li data-track=\"Quisiera (feat. Luisa Almaguer, Alansito Vega, Nick Zinner, Joan As Police Woman)\"><a class=\"ghref\" title=\"Zoeken naar het nummer &quot;Quisiera (feat. Luisa Almaguer, Alansito Vega, Nick Zinner, Joan As Police Woman)&quot; op andere uitgaven\" href=\"https:\/\/imusic.nl\/page\/search?kind=tracks&amp;query=%22Quisiera+%28feat.+Luisa+Almaguer%2C+Alansito+Vega%2C+Nick+Zinner%2C+Joan+As+Police+Woman%29%22\">Quisiera (feat. Luisa Almaguer, Alansito Vega, Nick Zinner, Joan As Police Woman)<\/a><\/li>\n<li data-track=\"The Sky Above You (feat. Seye Adelekan, Luisa Almaguer, Joan As Police Woman, Nick Zinner, Imarhan, Damon Albarn)\"><a class=\"ghref\" title=\"Zoeken naar het nummer &quot;The Sky Above You (feat. Seye Adelekan, Luisa Almaguer, Joan As Police Woman, Nick Zinner, Imarhan, Damon Albarn)&quot; op andere uitgaven\" href=\"https:\/\/imusic.nl\/page\/search?kind=tracks&amp;query=%22The+Sky+Above+You+%28feat.+Seye+Adelekan%2C+Luisa+Almaguer%2C+Joan+As+Police+Woman%2C+Nick+Zinner%2C+Imarhan%2C+Damon+Albarn%29%22\">The Sky Above You (feat. Seye Adelekan, Luisa Almaguer, Joan As Police Woman, Nick Zinner, Imarhan, Damon Albarn)<\/a><\/li>\n<li data-track=\"Dorhan Oullhin (What The Heart Desires) (feat. Imarhan, Damon Albarn)\"><a class=\"ghref\" title=\"Zoeken naar het nummer &quot;Dorhan Oullhin (What The Heart Desires) (feat. Imarhan, Damon Albarn)&quot; op andere uitgaven\" href=\"https:\/\/imusic.nl\/page\/search?kind=tracks&amp;query=%22Dorhan+Oullhin+%28What+The+Heart+Desires%29+%28feat.+Imarhan%2C+Damon+Albarn%29%22\">Dorhan Oullhin (What The Heart Desires) (feat. Imarhan, Damon Albarn)<\/a><\/li>\n<li data-track=\"El Ni\u00f1o (feat. Eme Malafe, Los Pream, M\u00e9lissa Hi\u00e9, Oph\u00e9lia Hi\u00e9, Joan As Police Woman, Marco Carrion, Alansito Vega)\"><a class=\"ghref\" title=\"Zoeken naar het nummer &quot;El Ni\u00f1o (feat. Eme Malafe, Los Pream, M\u00e9lissa Hi\u00e9, Oph\u00e9lia Hi\u00e9, Joan As Police Woman, Marco Carrion, Alansito Vega)&quot; op andere uitgaven\" href=\"https:\/\/imusic.nl\/page\/search?kind=tracks&amp;query=%22El+Ni%C3%B1o+%28feat.+Eme+Malafe%2C+Los+Pream%2C+M%C3%A9lissa+Hi%C3%A9%2C+Oph%C3%A9lia+Hi%C3%A9%2C+Joan+As+Police+Woman%2C+Marco+Carrion%2C+Alansito+Vega%29%22\">El Ni\u00f1o (feat. Eme Malafe, Los Pream, M\u00e9lissa Hi\u00e9, Oph\u00e9lia Hi\u00e9, Joan As Police Woman, Marco Carrion, Alansito Vega)<\/a><\/li>\n<li data-track=\"Invocation (feat. Onipa, Jupiter Bokondji, Otim Alpha, Damon Albarn, Joan As Police Woman)\"><a class=\"ghref\" title=\"Zoeken naar het nummer &quot;Invocation (feat. Onipa, Jupiter Bokondji, Otim Alpha, Damon Albarn, Joan As Police Woman)&quot; op andere uitgaven\" href=\"https:\/\/imusic.nl\/page\/search?kind=tracks&amp;query=%22Invocation+%28feat.+Onipa%2C+Jupiter+Bokondji%2C+Otim+Alpha%2C+Damon+Albarn%2C+Joan+As+Police+Woman%29%22\">Invocation (feat. Onipa, Jupiter Bokondji, Otim Alpha, Damon Albarn, Joan As Police Woman)<\/a><\/li>\n<li data-track=\"Hacernos As\u00ed (feat. Luisa Almaguer, Damon Albarn, Seye Adelekan, Nick Zinner, Joan As Police Woman, Mexican Institute of Sound)\"><a class=\"ghref\" title=\"Zoeken naar het nummer &quot;Hacernos As\u00ed (feat. Luisa Almaguer, Damon Albarn, Seye Adelekan, Nick Zinner, Joan As Police Woman, Mexican Institute of Sound)&quot; op andere uitgaven\" href=\"https:\/\/imusic.nl\/page\/search?kind=tracks&amp;query=%22Hacernos+As%C3%AD+%28feat.+Luisa+Almaguer%2C+Damon+Albarn%2C+Seye+Adelekan%2C+Nick+Zinner%2C+Joan+As+Police+Woman%2C+Mexican+Institute+of+Sound%29%22\">Hacernos As\u00ed (feat. Luisa Almaguer, Damon Albarn, Seye Adelekan, Nick Zinner, Joan As Police Woman, Mexican Institute of Sound)<\/a><\/li>\n<li data-track=\"Frenemies (feat. Hak Baker, Bonobo, Damon Albarn, Otim Alpha, M\u00e9lissa Hi\u00e9, Oph\u00e9lia Hi\u00e9)\"><a class=\"ghref\" title=\"Zoeken naar het nummer &quot;Frenemies (feat. Hak Baker, Bonobo, Damon Albarn, Otim Alpha, M\u00e9lissa Hi\u00e9, Oph\u00e9lia Hi\u00e9)&quot; op andere uitgaven\" href=\"https:\/\/imusic.nl\/page\/search?kind=tracks&amp;query=%22Frenemies+%28feat.+Hak+Baker%2C+Bonobo%2C+Damon+Albarn%2C+Otim+Alpha%2C+M%C3%A9lissa+Hi%C3%A9%2C+Oph%C3%A9lia+Hi%C3%A9%29%22\">Frenemies (feat. Hak Baker, Bonobo, Damon Albarn, Otim Alpha, M\u00e9lissa Hi\u00e9, Oph\u00e9lia Hi\u00e9)<\/a><\/li>\n<li data-track=\"Kelegusta (feat. Tayhana, Otim Alpha, La Bruja de Texcoco)\"><a class=\"ghref\" title=\"Zoeken naar het nummer &quot;Kelegusta (feat. Tayhana, Otim Alpha, La Bruja de Texcoco)&quot; op andere uitgaven\" href=\"https:\/\/imusic.nl\/page\/search?kind=tracks&amp;query=%22Kelegusta+%28feat.+Tayhana%2C+Otim+Alpha%2C+La+Bruja+de+Texcoco%29%22\">Kelegusta (feat. Tayhana, Otim Alpha, La Bruja de Texcoco)<\/a><\/li>\n<li data-track=\"El Diablo y La Bruja (feat. La Bruja de Texcoco, Los Pream)\"><a class=\"ghref\" title=\"Zoeken naar het nummer &quot;El Diablo y La Bruja (feat. La Bruja de Texcoco, Los Pream)&quot; op andere uitgaven\" href=\"https:\/\/imusic.nl\/page\/search?kind=tracks&amp;query=%22El+Diablo+y+La+Bruja+%28feat.+La+Bruja+de+Texcoco%2C+Los+Pream%29%22\">El Diablo y La Bruja (feat. La Bruja de Texcoco, Los Pream)<\/a><\/li>\n<li data-track=\"P\u00e1nico (Cuelga al DJ) (feat. Mexican Institute of Sound, Damon Albarn, Los Pream, Nick Zinner, Montana Kinunu Ntunu)\"><a class=\"ghref\" title=\"Zoeken naar het nummer &quot;P\u00e1nico (Cuelga al DJ) (feat. Mexican Institute of Sound, Damon Albarn, Los Pream, Nick Zinner, Montana Kinunu Ntunu)&quot; op andere uitgaven\" href=\"https:\/\/imusic.nl\/page\/search?kind=tracks&amp;query=%22P%C3%A1nico+%28Cuelga+al+DJ%29+%28feat.+Mexican+Institute+of+Sound%2C+Damon+Albarn%2C+Los+Pream%2C+Nick+Zinner%2C+Montana+Kinunu+Ntunu%29%22\">P\u00e1nico (Cuelga al DJ) (feat. Mexican Institute of Sound, Damon Albarn, Los Pream, Nick Zinner, Montana Kinunu Ntunu)<\/a><\/li>\n<li data-track=\"Adios Amigos (feat. Baba Sissoko, Luisa Almaguer, Joan As Police Woman, Abou Diarra, M\u00e9lissa Hi\u00e9, Oph\u00e9lia Hi\u00e9, Yend\u00e9 Balamba)\"><a class=\"ghref\" title=\"Zoeken naar het nummer &quot;Adios Amigos (feat. Baba Sissoko, Luisa Almaguer, Joan As Police Woman, Abou Diarra, M\u00e9lissa Hi\u00e9, Oph\u00e9lia Hi\u00e9, Yend\u00e9 Balamba)&quot; op andere uitgaven\" href=\"https:\/\/imusic.nl\/page\/search?kind=tracks&amp;query=%22Adios+Amigos+%28feat.+Baba+Sissoko%2C+Luisa+Almaguer%2C+Joan+As+Police+Woman%2C+Abou+Diarra%2C+M%C3%A9lissa+Hi%C3%A9%2C+Oph%C3%A9lia+Hi%C3%A9%2C+Yend%C3%A9+Balamba%29%22\">Adios Amigos (feat. Baba Sissoko, Luisa Almaguer, Joan As Police Woman, Abou Diarra, M\u00e9lissa Hi\u00e9, Oph\u00e9lia Hi\u00e9, Yend\u00e9 Balamba)<\/a><\/li>\n<\/ol>\n","protected":false},"excerpt":{"rendered":"<p style=\"text-align: left;\">Africa Express Presents&#8230;Bahidora (2LP\/Gatefold)<\/p>\n","protected":false},"featured_media":54793,"template":"","meta":[],"product_brand":[3002],"product_cat":[2558,726],"product_tag":[784],"class_list":{"0":"post-54792","1":"product","2":"type-product","3":"status-publish","4":"has-post-thumbnail","6":"product_brand-universal-music-group","7":"product_cat-africa","8":"product_cat-world","9":"product_tag-bmg","11":"first","12":"outofstock","13":"shipping-taxable","14":"purchasable","15":"product-type-simple"},"_links":{"self":[{"href":"https:\/\/vinylgrove.nl\/index.php\/wp-json\/wp\/v2\/product\/54792","targetHints":{"allow":["GET"]}}],"collection":[{"href":"https:\/\/vinylgrove.nl\/index.php\/wp-json\/wp\/v2\/product"}],"about":[{"href":"https:\/\/vinylgrove.nl\/index.php\/wp-json\/wp\/v2\/types\/product"}],"wp:featuredmedia":[{"embeddable":true,"href":"https:\/\/vinylgrove.nl\/index.php\/wp-json\/wp\/v2\/media\/54793"}],"wp:attachment":[{"href":"https:\/\/vinylgrove.nl\/index.php\/wp-json\/wp\/v2\/media?parent=54792"}],"wp:term":[{"taxonomy":"product_brand","embeddable":true,"href":"https:\/\/vinylgrove.nl\/index.php\/wp-json\/wp\/v2\/product_brand?post=54792"},{"taxonomy":"product_cat","embeddable":true,"href":"https:\/\/vinylgrove.nl\/index.php\/wp-json\/wp\/v2\/product_cat?post=54792"},{"taxonomy":"product_tag","embeddable":true,"href":"https:\/\/vinylgrove.nl\/index.php\/wp-json\/wp\/v2\/product_tag?post=54792"}],"curies":[{"name":"wp","href":"https:\/\/api.w.org\/{rel}","templated":true}]}}