{"id":56824,"date":"2025-11-30T14:54:18","date_gmt":"2025-11-30T13:54:18","guid":{"rendered":"https:\/\/vinylgrove.nl\/?post_type=product&#038;p=56824"},"modified":"2025-11-30T14:57:27","modified_gmt":"2025-11-30T13:57:27","slug":"storm-2","status":"publish","type":"product","link":"https:\/\/vinylgrove.nl\/index.php\/product\/storm-2\/","title":{"rendered":"Storm"},"content":{"rendered":"<p>Re: nov 2025 (C 1974)<\/p>\n<p>Probably the most astonishing hard rock LP out of 1970s Spain, repressed by popular demand.<\/p>\n<p>THE STORM hailed from Sevilla and were acclaimed by both audience and press reviewers as one of the best rock bands from Spain. The combo was formed by the Ruiz Geniz brothers (Angel and Diego), on guitar and drums respectively, plus Luis Genil (organ) and Jos\u00e9 Torres (bass).<\/p>\n<p>Their debut album, originally released on Basf in 1974, is one of the Crown jewels of Spanish hard rock, and original copies change hands for a small fortune among collectors all over the world, especially since its inclusion in Hans Pokora\u2019s \u2018Record Dreams\u2019 books.<\/p>\n<p>This LP really rocks! It\u2019s high energy hard rock that follows the line marked by the big organ outfits of the era such as DEEP PURPLE, ATOMIC ROOSTER, BRAM STOKER, MEGAT\u00d3N\u2026<\/p>\n<p>It has also a deep classic prog sound root, which reaches the top on \u2018Un Se\u00f1or Llamado Fern\u00e1ndez De C\u00f3rdoba\u2019.<\/p>\n<p>We are talking of one of the seminal Spanish hard rock LPs.<\/p>\n<p>\u00b7 Limited Pressing<br \/>\n\u00b7 Top Quality Repro Of The Original Sleeve<br \/>\n\u00b7 Color Obi<br \/>\n\u00b7 8 Page Full Color Booklet With Liner Notes &amp; Photos<\/p>\n","protected":false},"excerpt":{"rendered":"<p>Storm<\/p>\n","protected":false},"featured_media":56825,"template":"","meta":[],"product_brand":[],"product_cat":[28],"product_tag":[2977],"class_list":{"0":"post-56824","1":"product","2":"type-product","3":"status-publish","4":"has-post-thumbnail","6":"product_cat-metal-hardrock","7":"product_tag-wah-wah-records","9":"first","10":"instock","11":"shipping-taxable","12":"purchasable","13":"product-type-simple"},"_links":{"self":[{"href":"https:\/\/vinylgrove.nl\/index.php\/wp-json\/wp\/v2\/product\/56824","targetHints":{"allow":["GET"]}}],"collection":[{"href":"https:\/\/vinylgrove.nl\/index.php\/wp-json\/wp\/v2\/product"}],"about":[{"href":"https:\/\/vinylgrove.nl\/index.php\/wp-json\/wp\/v2\/types\/product"}],"wp:featuredmedia":[{"embeddable":true,"href":"https:\/\/vinylgrove.nl\/index.php\/wp-json\/wp\/v2\/media\/56825"}],"wp:attachment":[{"href":"https:\/\/vinylgrove.nl\/index.php\/wp-json\/wp\/v2\/media?parent=56824"}],"wp:term":[{"taxonomy":"product_brand","embeddable":true,"href":"https:\/\/vinylgrove.nl\/index.php\/wp-json\/wp\/v2\/product_brand?post=56824"},{"taxonomy":"product_cat","embeddable":true,"href":"https:\/\/vinylgrove.nl\/index.php\/wp-json\/wp\/v2\/product_cat?post=56824"},{"taxonomy":"product_tag","embeddable":true,"href":"https:\/\/vinylgrove.nl\/index.php\/wp-json\/wp\/v2\/product_tag?post=56824"}],"curies":[{"name":"wp","href":"https:\/\/api.w.org\/{rel}","templated":true}]}}