{"id":58764,"date":"2026-03-20T16:25:25","date_gmt":"2026-03-20T15:25:25","guid":{"rendered":"https:\/\/vinylgrove.nl\/?post_type=product&#038;p=58764"},"modified":"2026-03-20T16:26:18","modified_gmt":"2026-03-20T15:26:18","slug":"altin-gun-6","status":"publish","type":"product","link":"https:\/\/vinylgrove.nl\/index.php\/product\/altin-gun-6\/","title":{"rendered":"Alt\u0131n G\u00fcn"},"content":{"rendered":"<p>Release 20-06-2026<\/p>\n<p>Tracklist:<\/p>\n<ul class=\"ng-star-inserted\">\n<li class=\"ng-star-inserted\">A1 Neredesin Sen<\/li>\n<li class=\"ng-star-inserted\">A2 G\u00f6n\u00fcl Da\u011fi<\/li>\n<li class=\"ng-star-inserted\">A3 \u00d6ld\u00fcrme Beni<\/li>\n<li class=\"ng-star-inserted\">A4 Ni\u011fde Ba\u011flari<\/li>\n<li class=\"ng-star-inserted\">A5 Benim Yarim<\/li>\n<li class=\"ng-star-inserted\">B1 Su\u00e7um Nedir<\/li>\n<li class=\"ng-star-inserted\">B2 Gel Yan\u0131ma Gel<\/li>\n<li class=\"ng-star-inserted\">B3 Z\u00fcl\u00fcf D\u00f6k\u00fclm\u00fc\u015f<\/li>\n<li class=\"ng-star-inserted\">B4 Gel Ka\u00e7ma Gel<\/li>\n<li class=\"ng-star-inserted\">B5 Bir Nazar Eyledim<\/li>\n<\/ul>\n","protected":false},"excerpt":{"rendered":"<p>Garip (cld)<\/p>\n","protected":false},"featured_media":58462,"template":"","meta":[],"product_brand":[],"product_cat":[726],"product_tag":[2198],"class_list":{"0":"post-58764","1":"product","2":"type-product","3":"status-publish","4":"has-post-thumbnail","6":"product_cat-world","7":"product_tag-glitterbeat","9":"first","10":"instock","11":"shipping-taxable","12":"purchasable","13":"product-type-simple"},"_links":{"self":[{"href":"https:\/\/vinylgrove.nl\/index.php\/wp-json\/wp\/v2\/product\/58764","targetHints":{"allow":["GET"]}}],"collection":[{"href":"https:\/\/vinylgrove.nl\/index.php\/wp-json\/wp\/v2\/product"}],"about":[{"href":"https:\/\/vinylgrove.nl\/index.php\/wp-json\/wp\/v2\/types\/product"}],"wp:featuredmedia":[{"embeddable":true,"href":"https:\/\/vinylgrove.nl\/index.php\/wp-json\/wp\/v2\/media\/58462"}],"wp:attachment":[{"href":"https:\/\/vinylgrove.nl\/index.php\/wp-json\/wp\/v2\/media?parent=58764"}],"wp:term":[{"taxonomy":"product_brand","embeddable":true,"href":"https:\/\/vinylgrove.nl\/index.php\/wp-json\/wp\/v2\/product_brand?post=58764"},{"taxonomy":"product_cat","embeddable":true,"href":"https:\/\/vinylgrove.nl\/index.php\/wp-json\/wp\/v2\/product_cat?post=58764"},{"taxonomy":"product_tag","embeddable":true,"href":"https:\/\/vinylgrove.nl\/index.php\/wp-json\/wp\/v2\/product_tag?post=58764"}],"curies":[{"name":"wp","href":"https:\/\/api.w.org\/{rel}","templated":true}]}}