{"id":6108,"date":"2021-01-13T00:04:55","date_gmt":"2021-01-12T23:04:55","guid":{"rendered":"http:\/\/vinylgrove.nl\/index.php\/product\/lynyrd-skynyrd\/"},"modified":"2025-09-18T15:54:15","modified_gmt":"2025-09-18T13:54:15","slug":"lynyrd-skynyrd","status":"publish","type":"product","link":"https:\/\/vinylgrove.nl\/index.php\/product\/lynyrd-skynyrd\/","title":{"rendered":"Lynyrd Skynyrd"},"content":{"rendered":"<p>Tracks:<\/p>\n<p>1. I Ain&#8217;t the One<br \/>\n2. Tuesday&#8217;s Gone<br \/>\n3. Gimme Three Steps<br \/>\n4. Simple Man<br \/>\n5. Things Goin&#8217; On<br \/>\n6. Mississippi Kid<br \/>\n7. Poison Whiskey<br \/>\n8. Free Bird<\/p>\n","protected":false},"excerpt":{"rendered":"<p>(Pronounced &#8216;L\u0115h-&#8216;n\u00e9rd &#8216;Skin-&#8216;n\u00e9rd)<\/p>\n","protected":false},"featured_media":6109,"template":"","meta":[],"product_brand":[],"product_cat":[2328],"product_tag":[2072],"class_list":{"0":"post-6108","1":"product","2":"type-product","3":"status-publish","4":"has-post-thumbnail","6":"product_cat-southern-rock","7":"product_tag-mca-records","9":"first","10":"outofstock","11":"shipping-taxable","12":"purchasable","13":"product-type-simple"},"_links":{"self":[{"href":"https:\/\/vinylgrove.nl\/index.php\/wp-json\/wp\/v2\/product\/6108","targetHints":{"allow":["GET"]}}],"collection":[{"href":"https:\/\/vinylgrove.nl\/index.php\/wp-json\/wp\/v2\/product"}],"about":[{"href":"https:\/\/vinylgrove.nl\/index.php\/wp-json\/wp\/v2\/types\/product"}],"wp:featuredmedia":[{"embeddable":true,"href":"https:\/\/vinylgrove.nl\/index.php\/wp-json\/wp\/v2\/media\/6109"}],"wp:attachment":[{"href":"https:\/\/vinylgrove.nl\/index.php\/wp-json\/wp\/v2\/media?parent=6108"}],"wp:term":[{"taxonomy":"product_brand","embeddable":true,"href":"https:\/\/vinylgrove.nl\/index.php\/wp-json\/wp\/v2\/product_brand?post=6108"},{"taxonomy":"product_cat","embeddable":true,"href":"https:\/\/vinylgrove.nl\/index.php\/wp-json\/wp\/v2\/product_cat?post=6108"},{"taxonomy":"product_tag","embeddable":true,"href":"https:\/\/vinylgrove.nl\/index.php\/wp-json\/wp\/v2\/product_tag?post=6108"}],"curies":[{"name":"wp","href":"https:\/\/api.w.org\/{rel}","templated":true}]}}