{"id":6201,"date":"2021-01-13T00:05:27","date_gmt":"2021-01-12T23:05:27","guid":{"rendered":"http:\/\/vinylgrove.nl\/index.php\/product\/mork-gryning-2\/"},"modified":"2021-07-17T18:05:24","modified_gmt":"2021-07-17T16:05:24","slug":"mork-gryning-2","status":"publish","type":"product","link":"https:\/\/vinylgrove.nl\/index.php\/product\/mork-gryning-2\/","title":{"rendered":"M\u00f6rk Gryning"},"content":{"rendered":"","protected":false},"excerpt":{"rendered":"<p>Tusen \u00c5r Har G\u00e5tt&#8230;<\/p>\n","protected":false},"featured_media":6202,"template":"","meta":[],"product_brand":[],"product_cat":[28],"product_tag":[1051],"class_list":{"0":"post-6201","1":"product","2":"type-product","3":"status-publish","4":"has-post-thumbnail","6":"product_cat-metal-hardrock","7":"product_tag-season-of-mist","9":"first","10":"outofstock","11":"shipping-taxable","12":"purchasable","13":"product-type-simple"},"_links":{"self":[{"href":"https:\/\/vinylgrove.nl\/index.php\/wp-json\/wp\/v2\/product\/6201","targetHints":{"allow":["GET"]}}],"collection":[{"href":"https:\/\/vinylgrove.nl\/index.php\/wp-json\/wp\/v2\/product"}],"about":[{"href":"https:\/\/vinylgrove.nl\/index.php\/wp-json\/wp\/v2\/types\/product"}],"wp:featuredmedia":[{"embeddable":true,"href":"https:\/\/vinylgrove.nl\/index.php\/wp-json\/wp\/v2\/media\/6202"}],"wp:attachment":[{"href":"https:\/\/vinylgrove.nl\/index.php\/wp-json\/wp\/v2\/media?parent=6201"}],"wp:term":[{"taxonomy":"product_brand","embeddable":true,"href":"https:\/\/vinylgrove.nl\/index.php\/wp-json\/wp\/v2\/product_brand?post=6201"},{"taxonomy":"product_cat","embeddable":true,"href":"https:\/\/vinylgrove.nl\/index.php\/wp-json\/wp\/v2\/product_cat?post=6201"},{"taxonomy":"product_tag","embeddable":true,"href":"https:\/\/vinylgrove.nl\/index.php\/wp-json\/wp\/v2\/product_tag?post=6201"}],"curies":[{"name":"wp","href":"https:\/\/api.w.org\/{rel}","templated":true}]}}