{"id":6538,"date":"2021-01-14T22:07:18","date_gmt":"2021-01-14T21:07:18","guid":{"rendered":"http:\/\/vinylgrove.nl\/index.php\/product\/akbayram-edip\/"},"modified":"2025-04-16T15:30:30","modified_gmt":"2025-04-16T13:30:30","slug":"akbayram-edip","status":"publish","type":"product","link":"https:\/\/vinylgrove.nl\/index.php\/product\/akbayram-edip\/","title":{"rendered":"Akbayram, Edip"},"content":{"rendered":"","protected":false},"excerpt":{"rendered":"<p>Nice Y\u0131llara G\u00fcl\u00fcm<\/p>\n","protected":false},"featured_media":6539,"template":"","meta":[],"product_brand":[],"product_cat":[726],"product_tag":[744],"class_list":{"0":"post-6538","1":"product","2":"type-product","3":"status-publish","4":"has-post-thumbnail","6":"product_cat-world","7":"product_tag-pharaway-sounds","9":"first","10":"outofstock","11":"shipping-taxable","12":"purchasable","13":"product-type-simple"},"_links":{"self":[{"href":"https:\/\/vinylgrove.nl\/index.php\/wp-json\/wp\/v2\/product\/6538","targetHints":{"allow":["GET"]}}],"collection":[{"href":"https:\/\/vinylgrove.nl\/index.php\/wp-json\/wp\/v2\/product"}],"about":[{"href":"https:\/\/vinylgrove.nl\/index.php\/wp-json\/wp\/v2\/types\/product"}],"wp:featuredmedia":[{"embeddable":true,"href":"https:\/\/vinylgrove.nl\/index.php\/wp-json\/wp\/v2\/media\/6539"}],"wp:attachment":[{"href":"https:\/\/vinylgrove.nl\/index.php\/wp-json\/wp\/v2\/media?parent=6538"}],"wp:term":[{"taxonomy":"product_brand","embeddable":true,"href":"https:\/\/vinylgrove.nl\/index.php\/wp-json\/wp\/v2\/product_brand?post=6538"},{"taxonomy":"product_cat","embeddable":true,"href":"https:\/\/vinylgrove.nl\/index.php\/wp-json\/wp\/v2\/product_cat?post=6538"},{"taxonomy":"product_tag","embeddable":true,"href":"https:\/\/vinylgrove.nl\/index.php\/wp-json\/wp\/v2\/product_tag?post=6538"}],"curies":[{"name":"wp","href":"https:\/\/api.w.org\/{rel}","templated":true}]}}